{"id":96,"date":"2024-05-31T19:02:27","date_gmt":"2024-05-31T17:02:27","guid":{"rendered":"https:\/\/residence-acqua-linda-porticcio.ms2.decms.eu\/appartements\/appartement-1-chambre-vue-mer\/"},"modified":"2025-08-29T17:09:44","modified_gmt":"2025-08-29T15:09:44","slug":"apartment-terrace-with-sea-view","status":"publish","type":"page","link":"https:\/\/www.residence-acqua-linda-porticcio.com\/en\/apartments\/apartment-terrace-with-sea-view\/","title":{"rendered":"APARTMENT terrace with sea view"},"content":{"rendered":"<p>Located on the top floor of our residence, the air-conditioned apartment of 50m\u00b2, can accommodate from 1 to 4 people, including an entrance with pantry and washing machine, a main room with a fully equipped kitchen with dining area, a living area with sofa bed, tv, coffee table and in the extension a terrace of 20m \u00b2 with unobstructed view of the Gulf of Ajaccio which will undoubtedly be the place where you will appreciate the most enjoy your holidays.<\/p>\n<p>A separate bedroom with queen-size bed, wardrobe with drying rack and ironing board and a bathroom with walk-in shower and toilet complete this apartment. You will also find toiletries and a hairdryer. Coffee (Nespresso coffee maker) is available free of charge on arrival.<\/p>\n<p>Free Wi-Fi is available in all accommodations. your apartment in Porticcio for rent for 1 to 4 people will have a parent room that opens onto a terrace with sea views, a kitchen and a bathroom with walk-in shower.<\/p>\n<p>The 20m2 terrace of this apartment in Porticcio for rent for 2 people is undoubtedly the place you will enjoy the most during the holidays thanks to the view of the Gulf of Ajaccio.<\/p>\n<p>During your rental of a furnished apartment in Porticcio you can also enjoy the swimming pool of our residence which is strictly reserved for our customers. The opportunity to enjoy the sun of Corsica and sunbathe between two activities on the island for example!<\/p>\n","protected":false},"excerpt":{"rendered":"<p>Located on the top floor of our residence, the air-conditioned apartment of 50m\u00b2, can accommodate from 1 to 4 people, including an entrance with pantry and washing machine, a main room with a fully equipped kitchen with dining area, a living area with sofa bed, tv, coffee table and in the extension a terrace of [&hellip;]<\/p>\n","protected":false},"author":25,"featured_media":0,"parent":92,"menu_order":0,"comment_status":"closed","ping_status":"closed","template":"template-single-room.php","meta":{"footnotes":""},"class_list":["post-96","page","type-page","status-publish","hentry"],"yoast_head":"<!-- This site is optimized with the Yoast SEO plugin v27.3 - https:\/\/yoast.com\/product\/yoast-seo-wordpress\/ -->\n<title>APARTMENT terrace with sea view - R\u00e9sidence AcquacLinda Porticcio<\/title>\n<meta name=\"description\" content=\"L&#039;appartement climatis\u00e9 de 50m\u00b2, pouvant accueillir de 1 \u00e0 4 personnes, comprenant une entr\u00e9e avec cellier et machine \u00e0 laver, une pi\u00e8ce principale avec une cuisine enti\u00e8rement \u00e9quip\u00e9e avec espace repas , un espace salon avec canap\u00e9 lit, tv, table basse et dans le prolongement une terrasse de 20m\u00b2 avec vue d\u00e9gag\u00e9e sur le golfe d&#039;Ajaccio qui sera sans aucun doute l&#039;endroit o\u00f9 vous appr\u00e9cierez le plus profiter de vos vacances.\" \/>\n<meta name=\"robots\" content=\"index, follow, max-snippet:-1, max-image-preview:large, max-video-preview:-1\" \/>\n<link rel=\"canonical\" href=\"https:\/\/www.residence-acqua-linda-porticcio.com\/en\/apartments\/apartment-terrace-with-sea-view\/\" \/>\n<meta property=\"og:locale\" content=\"en_US\" \/>\n<meta property=\"og:type\" content=\"article\" \/>\n<meta property=\"og:title\" content=\"APARTMENT terrace with sea view - R\u00e9sidence AcquacLinda Porticcio\" \/>\n<meta property=\"og:description\" content=\"L&#039;appartement climatis\u00e9 de 50m\u00b2, pouvant accueillir de 1 \u00e0 4 personnes, comprenant une entr\u00e9e avec cellier et machine \u00e0 laver, une pi\u00e8ce principale avec une cuisine enti\u00e8rement \u00e9quip\u00e9e avec espace repas , un espace salon avec canap\u00e9 lit, tv, table basse et dans le prolongement une terrasse de 20m\u00b2 avec vue d\u00e9gag\u00e9e sur le golfe d&#039;Ajaccio qui sera sans aucun doute l&#039;endroit o\u00f9 vous appr\u00e9cierez le plus profiter de vos vacances.\" \/>\n<meta property=\"og:url\" content=\"https:\/\/www.residence-acqua-linda-porticcio.com\/en\/apartments\/apartment-terrace-with-sea-view\/\" \/>\n<meta property=\"og:site_name\" content=\"R\u00e9sidence AcquacLinda Porticcio\" \/>\n<meta property=\"article:modified_time\" content=\"2025-08-29T15:09:44+00:00\" \/>\n<meta name=\"twitter:card\" content=\"summary_large_image\" \/>\n<meta name=\"twitter:label1\" content=\"Est. reading time\" \/>\n\t<meta name=\"twitter:data1\" content=\"2 minutes\" \/>\n<script type=\"application\/ld+json\" class=\"yoast-schema-graph\">{\"@context\":\"https:\\\/\\\/schema.org\",\"@graph\":[{\"@type\":\"WebPage\",\"@id\":\"https:\\\/\\\/www.residence-acqua-linda-porticcio.com\\\/en\\\/apartments\\\/apartment-terrace-with-sea-view\\\/\",\"url\":\"https:\\\/\\\/www.residence-acqua-linda-porticcio.com\\\/en\\\/apartments\\\/apartment-terrace-with-sea-view\\\/\",\"name\":\"APARTMENT terrace with sea view - R\u00e9sidence AcquacLinda Porticcio\",\"isPartOf\":{\"@id\":\"https:\\\/\\\/www.residence-acqua-linda-porticcio.com\\\/en\\\/#website\"},\"datePublished\":\"2024-05-31T17:02:27+00:00\",\"dateModified\":\"2025-08-29T15:09:44+00:00\",\"description\":\"L'appartement climatis\u00e9 de 50m\u00b2, pouvant accueillir de 1 \u00e0 4 personnes, comprenant une entr\u00e9e avec cellier et machine \u00e0 laver, une pi\u00e8ce principale avec une cuisine enti\u00e8rement \u00e9quip\u00e9e avec espace repas , un espace salon avec canap\u00e9 lit, tv, table basse et dans le prolongement une terrasse de 20m\u00b2 avec vue d\u00e9gag\u00e9e sur le golfe d'Ajaccio qui sera sans aucun doute l'endroit o\u00f9 vous appr\u00e9cierez le plus profiter de vos vacances.\",\"breadcrumb\":{\"@id\":\"https:\\\/\\\/www.residence-acqua-linda-porticcio.com\\\/en\\\/apartments\\\/apartment-terrace-with-sea-view\\\/#breadcrumb\"},\"inLanguage\":\"en-US\",\"potentialAction\":[{\"@type\":\"ReadAction\",\"target\":[\"https:\\\/\\\/www.residence-acqua-linda-porticcio.com\\\/en\\\/apartments\\\/apartment-terrace-with-sea-view\\\/\"]}]},{\"@type\":\"BreadcrumbList\",\"@id\":\"https:\\\/\\\/www.residence-acqua-linda-porticcio.com\\\/en\\\/apartments\\\/apartment-terrace-with-sea-view\\\/#breadcrumb\",\"itemListElement\":[{\"@type\":\"ListItem\",\"position\":1,\"name\":\"Accueil\",\"item\":\"https:\\\/\\\/www.residence-acqua-linda-porticcio.com\\\/en\\\/\"},{\"@type\":\"ListItem\",\"position\":2,\"name\":\"Apartments\",\"item\":\"https:\\\/\\\/www.residence-acqua-linda-porticcio.com\\\/en\\\/apartments\\\/\"},{\"@type\":\"ListItem\",\"position\":3,\"name\":\"APARTMENT terrace with sea view\"}]},{\"@type\":\"WebSite\",\"@id\":\"https:\\\/\\\/www.residence-acqua-linda-porticcio.com\\\/en\\\/#website\",\"url\":\"https:\\\/\\\/www.residence-acqua-linda-porticcio.com\\\/en\\\/\",\"name\":\"R\u00e9sidence AcquacLinda Porticcio\",\"description\":\"\",\"potentialAction\":[{\"@type\":\"SearchAction\",\"target\":{\"@type\":\"EntryPoint\",\"urlTemplate\":\"https:\\\/\\\/www.residence-acqua-linda-porticcio.com\\\/en\\\/?s={search_term_string}\"},\"query-input\":{\"@type\":\"PropertyValueSpecification\",\"valueRequired\":true,\"valueName\":\"search_term_string\"}}],\"inLanguage\":\"en-US\"}]}<\/script>\n<!-- \/ Yoast SEO plugin. -->","yoast_head_json":{"title":"APARTMENT terrace with sea view - R\u00e9sidence AcquacLinda Porticcio","description":"L'appartement climatis\u00e9 de 50m\u00b2, pouvant accueillir de 1 \u00e0 4 personnes, comprenant une entr\u00e9e avec cellier et machine \u00e0 laver, une pi\u00e8ce principale avec une cuisine enti\u00e8rement \u00e9quip\u00e9e avec espace repas , un espace salon avec canap\u00e9 lit, tv, table basse et dans le prolongement une terrasse de 20m\u00b2 avec vue d\u00e9gag\u00e9e sur le golfe d'Ajaccio qui sera sans aucun doute l'endroit o\u00f9 vous appr\u00e9cierez le plus profiter de vos vacances.","robots":{"index":"index","follow":"follow","max-snippet":"max-snippet:-1","max-image-preview":"max-image-preview:large","max-video-preview":"max-video-preview:-1"},"canonical":"https:\/\/www.residence-acqua-linda-porticcio.com\/en\/apartments\/apartment-terrace-with-sea-view\/","og_locale":"en_US","og_type":"article","og_title":"APARTMENT terrace with sea view - R\u00e9sidence AcquacLinda Porticcio","og_description":"L'appartement climatis\u00e9 de 50m\u00b2, pouvant accueillir de 1 \u00e0 4 personnes, comprenant une entr\u00e9e avec cellier et machine \u00e0 laver, une pi\u00e8ce principale avec une cuisine enti\u00e8rement \u00e9quip\u00e9e avec espace repas , un espace salon avec canap\u00e9 lit, tv, table basse et dans le prolongement une terrasse de 20m\u00b2 avec vue d\u00e9gag\u00e9e sur le golfe d'Ajaccio qui sera sans aucun doute l'endroit o\u00f9 vous appr\u00e9cierez le plus profiter de vos vacances.","og_url":"https:\/\/www.residence-acqua-linda-porticcio.com\/en\/apartments\/apartment-terrace-with-sea-view\/","og_site_name":"R\u00e9sidence AcquacLinda Porticcio","article_modified_time":"2025-08-29T15:09:44+00:00","twitter_card":"summary_large_image","twitter_misc":{"Est. reading time":"2 minutes"},"schema":{"@context":"https:\/\/schema.org","@graph":[{"@type":"WebPage","@id":"https:\/\/www.residence-acqua-linda-porticcio.com\/en\/apartments\/apartment-terrace-with-sea-view\/","url":"https:\/\/www.residence-acqua-linda-porticcio.com\/en\/apartments\/apartment-terrace-with-sea-view\/","name":"APARTMENT terrace with sea view - R\u00e9sidence AcquacLinda Porticcio","isPartOf":{"@id":"https:\/\/www.residence-acqua-linda-porticcio.com\/en\/#website"},"datePublished":"2024-05-31T17:02:27+00:00","dateModified":"2025-08-29T15:09:44+00:00","description":"L'appartement climatis\u00e9 de 50m\u00b2, pouvant accueillir de 1 \u00e0 4 personnes, comprenant une entr\u00e9e avec cellier et machine \u00e0 laver, une pi\u00e8ce principale avec une cuisine enti\u00e8rement \u00e9quip\u00e9e avec espace repas , un espace salon avec canap\u00e9 lit, tv, table basse et dans le prolongement une terrasse de 20m\u00b2 avec vue d\u00e9gag\u00e9e sur le golfe d'Ajaccio qui sera sans aucun doute l'endroit o\u00f9 vous appr\u00e9cierez le plus profiter de vos vacances.","breadcrumb":{"@id":"https:\/\/www.residence-acqua-linda-porticcio.com\/en\/apartments\/apartment-terrace-with-sea-view\/#breadcrumb"},"inLanguage":"en-US","potentialAction":[{"@type":"ReadAction","target":["https:\/\/www.residence-acqua-linda-porticcio.com\/en\/apartments\/apartment-terrace-with-sea-view\/"]}]},{"@type":"BreadcrumbList","@id":"https:\/\/www.residence-acqua-linda-porticcio.com\/en\/apartments\/apartment-terrace-with-sea-view\/#breadcrumb","itemListElement":[{"@type":"ListItem","position":1,"name":"Accueil","item":"https:\/\/www.residence-acqua-linda-porticcio.com\/en\/"},{"@type":"ListItem","position":2,"name":"Apartments","item":"https:\/\/www.residence-acqua-linda-porticcio.com\/en\/apartments\/"},{"@type":"ListItem","position":3,"name":"APARTMENT terrace with sea view"}]},{"@type":"WebSite","@id":"https:\/\/www.residence-acqua-linda-porticcio.com\/en\/#website","url":"https:\/\/www.residence-acqua-linda-porticcio.com\/en\/","name":"R\u00e9sidence AcquacLinda Porticcio","description":"","potentialAction":[{"@type":"SearchAction","target":{"@type":"EntryPoint","urlTemplate":"https:\/\/www.residence-acqua-linda-porticcio.com\/en\/?s={search_term_string}"},"query-input":{"@type":"PropertyValueSpecification","valueRequired":true,"valueName":"search_term_string"}}],"inLanguage":"en-US"}]}},"acf":[],"_links":{"self":[{"href":"https:\/\/www.residence-acqua-linda-porticcio.com\/en\/wp-json\/wp\/v2\/pages\/96","targetHints":{"allow":["GET"]}}],"collection":[{"href":"https:\/\/www.residence-acqua-linda-porticcio.com\/en\/wp-json\/wp\/v2\/pages"}],"about":[{"href":"https:\/\/www.residence-acqua-linda-porticcio.com\/en\/wp-json\/wp\/v2\/types\/page"}],"author":[{"embeddable":true,"href":"https:\/\/www.residence-acqua-linda-porticcio.com\/en\/wp-json\/wp\/v2\/users\/25"}],"replies":[{"embeddable":true,"href":"https:\/\/www.residence-acqua-linda-porticcio.com\/en\/wp-json\/wp\/v2\/comments?post=96"}],"version-history":[{"count":0,"href":"https:\/\/www.residence-acqua-linda-porticcio.com\/en\/wp-json\/wp\/v2\/pages\/96\/revisions"}],"up":[{"embeddable":true,"href":"https:\/\/www.residence-acqua-linda-porticcio.com\/en\/wp-json\/wp\/v2\/pages\/92"}],"wp:attachment":[{"href":"https:\/\/www.residence-acqua-linda-porticcio.com\/en\/wp-json\/wp\/v2\/media?parent=96"}],"curies":[{"name":"wp","href":"https:\/\/api.w.org\/{rel}","templated":true}]}}