{"id":93,"date":"2024-05-31T19:01:55","date_gmt":"2024-05-31T17:01:55","guid":{"rendered":"https:\/\/residence-acqua-linda-porticcio.ms2.decms.eu\/appartements\/appartement-1-chambre-terrasse\/"},"modified":"2025-08-29T16:57:57","modified_gmt":"2025-08-29T14:57:57","slug":"apartment-terrace-terrace-garden","status":"publish","type":"page","link":"https:\/\/www.residence-acqua-linda-porticcio.com\/en\/apartments\/apartment-terrace-terrace-garden\/","title":{"rendered":"APARTMENT Terrace \/ Terrace &amp; Garden"},"content":{"rendered":"<p>Air-conditioned apartment of 43 or 50m\u00b2, which can accommodate from 1 to 4 people, including an entrance with pantry and washing machine, a main room with a fully equipped kitchen with dining area, a living area with sofa bed, tv, coffee table and in the extension a terrace with tables and chairs.<\/p>\n<p>A separate bedroom with queen-size bed, wardrobe with drying rack and ironing board and a bathroom with shower complete this apartment. You will also find toiletries and a hairdryer.<br \/>\nCoffee (Nespresso coffee maker) is available free of charge on arrival. Free Wi-Fi is available in all accommodations.<\/p>\n<p>During your rental of a furnished apartment in Porticcio you can also enjoy the swimming pool of our residence which is strictly reserved for our customers. The opportunity to enjoy the sun of Corsica and sunbathe between two activities on the island for example!<\/p>\n","protected":false},"excerpt":{"rendered":"<p>Air-conditioned apartment of 43 or 50m\u00b2, which can accommodate from 1 to 4 people, including an entrance with pantry and washing machine, a main room with a fully equipped kitchen with dining area, a living area with sofa bed, tv, coffee table and in the extension a terrace with tables and chairs. A separate bedroom [&hellip;]<\/p>\n","protected":false},"author":25,"featured_media":0,"parent":92,"menu_order":0,"comment_status":"closed","ping_status":"closed","template":"template-single-room.php","meta":{"footnotes":""},"class_list":["post-93","page","type-page","status-publish","hentry"],"yoast_head":"<!-- This site is optimized with the Yoast SEO plugin v27.3 - https:\/\/yoast.com\/product\/yoast-seo-wordpress\/ -->\n<title>APARTMENT Terrace \/ Terrace &amp; Garden - R\u00e9sidence AcquacLinda Porticcio<\/title>\n<meta name=\"description\" content=\"Appartement 1 chambre avec terrasse : Appartement climatis\u00e9 de 43 ou 50m\u00b2, pouvant accueillir de 1 \u00e0 4 personnes, comprenant une entr\u00e9e avec cellier et machine \u00e0 laver, une pi\u00e8ce principale avec une cuisine enti\u00e8rement \u00e9quip\u00e9e avec espace repas , un espace salon avec canap\u00e9 lit, tv, table basse et dans le prolongement une terrasse avec tables et chaises.\" \/>\n<meta name=\"robots\" content=\"index, follow, max-snippet:-1, max-image-preview:large, max-video-preview:-1\" \/>\n<link rel=\"canonical\" href=\"https:\/\/www.residence-acqua-linda-porticcio.com\/en\/apartments\/apartment-terrace-terrace-garden\/\" \/>\n<meta property=\"og:locale\" content=\"en_US\" \/>\n<meta property=\"og:type\" content=\"article\" \/>\n<meta property=\"og:title\" content=\"APARTMENT Terrace \/ Terrace &amp; Garden - R\u00e9sidence AcquacLinda Porticcio\" \/>\n<meta property=\"og:description\" content=\"Appartement 1 chambre avec terrasse : Appartement climatis\u00e9 de 43 ou 50m\u00b2, pouvant accueillir de 1 \u00e0 4 personnes, comprenant une entr\u00e9e avec cellier et machine \u00e0 laver, une pi\u00e8ce principale avec une cuisine enti\u00e8rement \u00e9quip\u00e9e avec espace repas , un espace salon avec canap\u00e9 lit, tv, table basse et dans le prolongement une terrasse avec tables et chaises.\" \/>\n<meta property=\"og:url\" content=\"https:\/\/www.residence-acqua-linda-porticcio.com\/en\/apartments\/apartment-terrace-terrace-garden\/\" \/>\n<meta property=\"og:site_name\" content=\"R\u00e9sidence AcquacLinda Porticcio\" \/>\n<meta property=\"article:modified_time\" content=\"2025-08-29T14:57:57+00:00\" \/>\n<meta name=\"twitter:card\" content=\"summary_large_image\" \/>\n<meta name=\"twitter:label1\" content=\"Est. reading time\" \/>\n\t<meta name=\"twitter:data1\" content=\"1 minute\" \/>\n<script type=\"application\/ld+json\" class=\"yoast-schema-graph\">{\"@context\":\"https:\\\/\\\/schema.org\",\"@graph\":[{\"@type\":\"WebPage\",\"@id\":\"https:\\\/\\\/www.residence-acqua-linda-porticcio.com\\\/en\\\/apartments\\\/apartment-terrace-terrace-garden\\\/\",\"url\":\"https:\\\/\\\/www.residence-acqua-linda-porticcio.com\\\/en\\\/apartments\\\/apartment-terrace-terrace-garden\\\/\",\"name\":\"APARTMENT Terrace \\\/ Terrace &amp; Garden - R\u00e9sidence AcquacLinda Porticcio\",\"isPartOf\":{\"@id\":\"https:\\\/\\\/www.residence-acqua-linda-porticcio.com\\\/en\\\/#website\"},\"datePublished\":\"2024-05-31T17:01:55+00:00\",\"dateModified\":\"2025-08-29T14:57:57+00:00\",\"description\":\"Appartement 1 chambre avec terrasse : Appartement climatis\u00e9 de 43 ou 50m\u00b2, pouvant accueillir de 1 \u00e0 4 personnes, comprenant une entr\u00e9e avec cellier et machine \u00e0 laver, une pi\u00e8ce principale avec une cuisine enti\u00e8rement \u00e9quip\u00e9e avec espace repas , un espace salon avec canap\u00e9 lit, tv, table basse et dans le prolongement une terrasse avec tables et chaises.\",\"breadcrumb\":{\"@id\":\"https:\\\/\\\/www.residence-acqua-linda-porticcio.com\\\/en\\\/apartments\\\/apartment-terrace-terrace-garden\\\/#breadcrumb\"},\"inLanguage\":\"en-US\",\"potentialAction\":[{\"@type\":\"ReadAction\",\"target\":[\"https:\\\/\\\/www.residence-acqua-linda-porticcio.com\\\/en\\\/apartments\\\/apartment-terrace-terrace-garden\\\/\"]}]},{\"@type\":\"BreadcrumbList\",\"@id\":\"https:\\\/\\\/www.residence-acqua-linda-porticcio.com\\\/en\\\/apartments\\\/apartment-terrace-terrace-garden\\\/#breadcrumb\",\"itemListElement\":[{\"@type\":\"ListItem\",\"position\":1,\"name\":\"Accueil\",\"item\":\"https:\\\/\\\/www.residence-acqua-linda-porticcio.com\\\/en\\\/\"},{\"@type\":\"ListItem\",\"position\":2,\"name\":\"Apartments\",\"item\":\"https:\\\/\\\/www.residence-acqua-linda-porticcio.com\\\/en\\\/apartments\\\/\"},{\"@type\":\"ListItem\",\"position\":3,\"name\":\"APARTMENT Terrace \\\/ Terrace &amp; Garden\"}]},{\"@type\":\"WebSite\",\"@id\":\"https:\\\/\\\/www.residence-acqua-linda-porticcio.com\\\/en\\\/#website\",\"url\":\"https:\\\/\\\/www.residence-acqua-linda-porticcio.com\\\/en\\\/\",\"name\":\"R\u00e9sidence AcquacLinda Porticcio\",\"description\":\"\",\"potentialAction\":[{\"@type\":\"SearchAction\",\"target\":{\"@type\":\"EntryPoint\",\"urlTemplate\":\"https:\\\/\\\/www.residence-acqua-linda-porticcio.com\\\/en\\\/?s={search_term_string}\"},\"query-input\":{\"@type\":\"PropertyValueSpecification\",\"valueRequired\":true,\"valueName\":\"search_term_string\"}}],\"inLanguage\":\"en-US\"}]}<\/script>\n<!-- \/ Yoast SEO plugin. -->","yoast_head_json":{"title":"APARTMENT Terrace \/ Terrace &amp; Garden - R\u00e9sidence AcquacLinda Porticcio","description":"Appartement 1 chambre avec terrasse : Appartement climatis\u00e9 de 43 ou 50m\u00b2, pouvant accueillir de 1 \u00e0 4 personnes, comprenant une entr\u00e9e avec cellier et machine \u00e0 laver, une pi\u00e8ce principale avec une cuisine enti\u00e8rement \u00e9quip\u00e9e avec espace repas , un espace salon avec canap\u00e9 lit, tv, table basse et dans le prolongement une terrasse avec tables et chaises.","robots":{"index":"index","follow":"follow","max-snippet":"max-snippet:-1","max-image-preview":"max-image-preview:large","max-video-preview":"max-video-preview:-1"},"canonical":"https:\/\/www.residence-acqua-linda-porticcio.com\/en\/apartments\/apartment-terrace-terrace-garden\/","og_locale":"en_US","og_type":"article","og_title":"APARTMENT Terrace \/ Terrace &amp; Garden - R\u00e9sidence AcquacLinda Porticcio","og_description":"Appartement 1 chambre avec terrasse : Appartement climatis\u00e9 de 43 ou 50m\u00b2, pouvant accueillir de 1 \u00e0 4 personnes, comprenant une entr\u00e9e avec cellier et machine \u00e0 laver, une pi\u00e8ce principale avec une cuisine enti\u00e8rement \u00e9quip\u00e9e avec espace repas , un espace salon avec canap\u00e9 lit, tv, table basse et dans le prolongement une terrasse avec tables et chaises.","og_url":"https:\/\/www.residence-acqua-linda-porticcio.com\/en\/apartments\/apartment-terrace-terrace-garden\/","og_site_name":"R\u00e9sidence AcquacLinda Porticcio","article_modified_time":"2025-08-29T14:57:57+00:00","twitter_card":"summary_large_image","twitter_misc":{"Est. reading time":"1 minute"},"schema":{"@context":"https:\/\/schema.org","@graph":[{"@type":"WebPage","@id":"https:\/\/www.residence-acqua-linda-porticcio.com\/en\/apartments\/apartment-terrace-terrace-garden\/","url":"https:\/\/www.residence-acqua-linda-porticcio.com\/en\/apartments\/apartment-terrace-terrace-garden\/","name":"APARTMENT Terrace \/ Terrace &amp; Garden - R\u00e9sidence AcquacLinda Porticcio","isPartOf":{"@id":"https:\/\/www.residence-acqua-linda-porticcio.com\/en\/#website"},"datePublished":"2024-05-31T17:01:55+00:00","dateModified":"2025-08-29T14:57:57+00:00","description":"Appartement 1 chambre avec terrasse : Appartement climatis\u00e9 de 43 ou 50m\u00b2, pouvant accueillir de 1 \u00e0 4 personnes, comprenant une entr\u00e9e avec cellier et machine \u00e0 laver, une pi\u00e8ce principale avec une cuisine enti\u00e8rement \u00e9quip\u00e9e avec espace repas , un espace salon avec canap\u00e9 lit, tv, table basse et dans le prolongement une terrasse avec tables et chaises.","breadcrumb":{"@id":"https:\/\/www.residence-acqua-linda-porticcio.com\/en\/apartments\/apartment-terrace-terrace-garden\/#breadcrumb"},"inLanguage":"en-US","potentialAction":[{"@type":"ReadAction","target":["https:\/\/www.residence-acqua-linda-porticcio.com\/en\/apartments\/apartment-terrace-terrace-garden\/"]}]},{"@type":"BreadcrumbList","@id":"https:\/\/www.residence-acqua-linda-porticcio.com\/en\/apartments\/apartment-terrace-terrace-garden\/#breadcrumb","itemListElement":[{"@type":"ListItem","position":1,"name":"Accueil","item":"https:\/\/www.residence-acqua-linda-porticcio.com\/en\/"},{"@type":"ListItem","position":2,"name":"Apartments","item":"https:\/\/www.residence-acqua-linda-porticcio.com\/en\/apartments\/"},{"@type":"ListItem","position":3,"name":"APARTMENT Terrace \/ Terrace &amp; Garden"}]},{"@type":"WebSite","@id":"https:\/\/www.residence-acqua-linda-porticcio.com\/en\/#website","url":"https:\/\/www.residence-acqua-linda-porticcio.com\/en\/","name":"R\u00e9sidence AcquacLinda Porticcio","description":"","potentialAction":[{"@type":"SearchAction","target":{"@type":"EntryPoint","urlTemplate":"https:\/\/www.residence-acqua-linda-porticcio.com\/en\/?s={search_term_string}"},"query-input":{"@type":"PropertyValueSpecification","valueRequired":true,"valueName":"search_term_string"}}],"inLanguage":"en-US"}]}},"acf":[],"_links":{"self":[{"href":"https:\/\/www.residence-acqua-linda-porticcio.com\/en\/wp-json\/wp\/v2\/pages\/93","targetHints":{"allow":["GET"]}}],"collection":[{"href":"https:\/\/www.residence-acqua-linda-porticcio.com\/en\/wp-json\/wp\/v2\/pages"}],"about":[{"href":"https:\/\/www.residence-acqua-linda-porticcio.com\/en\/wp-json\/wp\/v2\/types\/page"}],"author":[{"embeddable":true,"href":"https:\/\/www.residence-acqua-linda-porticcio.com\/en\/wp-json\/wp\/v2\/users\/25"}],"replies":[{"embeddable":true,"href":"https:\/\/www.residence-acqua-linda-porticcio.com\/en\/wp-json\/wp\/v2\/comments?post=93"}],"version-history":[{"count":0,"href":"https:\/\/www.residence-acqua-linda-porticcio.com\/en\/wp-json\/wp\/v2\/pages\/93\/revisions"}],"up":[{"embeddable":true,"href":"https:\/\/www.residence-acqua-linda-porticcio.com\/en\/wp-json\/wp\/v2\/pages\/92"}],"wp:attachment":[{"href":"https:\/\/www.residence-acqua-linda-porticcio.com\/en\/wp-json\/wp\/v2\/media?parent=93"}],"curies":[{"name":"wp","href":"https:\/\/api.w.org\/{rel}","templated":true}]}}