{"id":99,"date":"2024-05-31T19:01:15","date_gmt":"2024-05-31T17:01:15","guid":{"rendered":"https:\/\/residence-acqua-linda-porticcio.ms2.decms.eu\/appartements\/studio\/"},"modified":"2024-07-05T18:25:11","modified_gmt":"2024-07-05T16:25:11","slug":"studio-terrasse-mit-blick-auf-den-garten","status":"publish","type":"page","link":"https:\/\/www.residence-acqua-linda-porticcio.com\/de\/wohnungen\/studio-terrasse-mit-blick-auf-den-garten\/","title":{"rendered":"STUDIO <br \/>Terrasse mit Blick auf den Garten"},"content":{"rendered":"<p>Studio f\u00fcr 2 Personen komplett ausgestattet. Dieses Apartment verf\u00fcgt \u00fcber kostenfreies WLAN, einen Flachbild-TV, eine Waschmaschine und eine voll ausgestattete K\u00fcche mit einem Geschirrsp\u00fcler, einer Mikrowelle, einer Nespresso-Kaffeemaschine und einem Essbereich.<\/p>\n<p>Handt\u00fccher und Bettw\u00e4sche sind vorhanden.<\/p>\n<p>Die Unterkunft verf\u00fcgt \u00fcber einen Essbereich (Tisch und St\u00fchle), ein Schlafsofa 140*190 cm, Klimaanlage, Heizung und ein eigenes Bad.<\/p>\n<p>Eine Terrasse mit Tisch und Barhocker vervollst\u00e4ndigt diese ruhige Wohnung.<\/p>\n","protected":false},"excerpt":{"rendered":"<p>Studio f\u00fcr 2 Personen komplett ausgestattet. Dieses Apartment verf\u00fcgt \u00fcber kostenfreies WLAN, einen Flachbild-TV, eine Waschmaschine und eine voll ausgestattete K\u00fcche mit einem Geschirrsp\u00fcler, einer Mikrowelle, einer Nespresso-Kaffeemaschine und einem Essbereich. Handt\u00fccher und Bettw\u00e4sche sind vorhanden. Die Unterkunft verf\u00fcgt \u00fcber einen Essbereich (Tisch und St\u00fchle), ein Schlafsofa 140*190 cm, Klimaanlage, Heizung und ein eigenes Bad. [&hellip;]<\/p>\n","protected":false},"author":25,"featured_media":0,"parent":95,"menu_order":0,"comment_status":"closed","ping_status":"closed","template":"template-single-room.php","meta":{"footnotes":""},"class_list":["post-99","page","type-page","status-publish","hentry"],"yoast_head":"<!-- This site is optimized with the Yoast SEO plugin v27.3 - https:\/\/yoast.com\/product\/yoast-seo-wordpress\/ -->\n<title>STUDIO Terrasse mit Blick auf den Garten - R\u00e9sidence AcquacLinda Porticcio<\/title>\n<meta name=\"description\" content=\"Studio de 2 personnes enti\u00e8rement \u00e9quip\u00e9. Dot\u00e9 d&#039;une connexion wifi gratuite, cet appartement dispose d&#039;une t\u00e9l\u00e9vision \u00e0 \u00e9cran plat, d&#039;un lave-linge et d&#039;une cuisine enti\u00e8rement \u00e9quip\u00e9e avec lave-vaisselle, micro-ondes, cafeti\u00e8re Nespresso et le n\u00e9c\u00e9ssaire pour cuisiner et manger.\" \/>\n<meta name=\"robots\" content=\"index, follow, max-snippet:-1, max-image-preview:large, max-video-preview:-1\" \/>\n<link rel=\"canonical\" href=\"https:\/\/www.residence-acqua-linda-porticcio.com\/de\/wohnungen\/studio-terrasse-mit-blick-auf-den-garten\/\" \/>\n<meta property=\"og:locale\" content=\"de_DE\" \/>\n<meta property=\"og:type\" content=\"article\" \/>\n<meta property=\"og:title\" content=\"STUDIO Terrasse mit Blick auf den Garten - R\u00e9sidence AcquacLinda Porticcio\" \/>\n<meta property=\"og:description\" content=\"Studio de 2 personnes enti\u00e8rement \u00e9quip\u00e9. Dot\u00e9 d&#039;une connexion wifi gratuite, cet appartement dispose d&#039;une t\u00e9l\u00e9vision \u00e0 \u00e9cran plat, d&#039;un lave-linge et d&#039;une cuisine enti\u00e8rement \u00e9quip\u00e9e avec lave-vaisselle, micro-ondes, cafeti\u00e8re Nespresso et le n\u00e9c\u00e9ssaire pour cuisiner et manger.\" \/>\n<meta property=\"og:url\" content=\"https:\/\/www.residence-acqua-linda-porticcio.com\/de\/wohnungen\/studio-terrasse-mit-blick-auf-den-garten\/\" \/>\n<meta property=\"og:site_name\" content=\"R\u00e9sidence AcquacLinda Porticcio\" \/>\n<meta property=\"article:modified_time\" content=\"2024-07-05T16:25:11+00:00\" \/>\n<meta name=\"twitter:card\" content=\"summary_large_image\" \/>\n<meta name=\"twitter:label1\" content=\"Gesch\u00e4tzte Lesezeit\" \/>\n\t<meta name=\"twitter:data1\" content=\"1 Minute\" \/>\n<script type=\"application\/ld+json\" class=\"yoast-schema-graph\">{\"@context\":\"https:\\\/\\\/schema.org\",\"@graph\":[{\"@type\":\"WebPage\",\"@id\":\"https:\\\/\\\/www.residence-acqua-linda-porticcio.com\\\/de\\\/wohnungen\\\/studio-terrasse-mit-blick-auf-den-garten\\\/\",\"url\":\"https:\\\/\\\/www.residence-acqua-linda-porticcio.com\\\/de\\\/wohnungen\\\/studio-terrasse-mit-blick-auf-den-garten\\\/\",\"name\":\"STUDIO Terrasse mit Blick auf den Garten - R\u00e9sidence AcquacLinda Porticcio\",\"isPartOf\":{\"@id\":\"https:\\\/\\\/www.residence-acqua-linda-porticcio.com\\\/de\\\/#website\"},\"datePublished\":\"2024-05-31T17:01:15+00:00\",\"dateModified\":\"2024-07-05T16:25:11+00:00\",\"description\":\"Studio de 2 personnes enti\u00e8rement \u00e9quip\u00e9. Dot\u00e9 d'une connexion wifi gratuite, cet appartement dispose d'une t\u00e9l\u00e9vision \u00e0 \u00e9cran plat, d'un lave-linge et d'une cuisine enti\u00e8rement \u00e9quip\u00e9e avec lave-vaisselle, micro-ondes, cafeti\u00e8re Nespresso et le n\u00e9c\u00e9ssaire pour cuisiner et manger.\",\"breadcrumb\":{\"@id\":\"https:\\\/\\\/www.residence-acqua-linda-porticcio.com\\\/de\\\/wohnungen\\\/studio-terrasse-mit-blick-auf-den-garten\\\/#breadcrumb\"},\"inLanguage\":\"de-DE\",\"potentialAction\":[{\"@type\":\"ReadAction\",\"target\":[\"https:\\\/\\\/www.residence-acqua-linda-porticcio.com\\\/de\\\/wohnungen\\\/studio-terrasse-mit-blick-auf-den-garten\\\/\"]}]},{\"@type\":\"BreadcrumbList\",\"@id\":\"https:\\\/\\\/www.residence-acqua-linda-porticcio.com\\\/de\\\/wohnungen\\\/studio-terrasse-mit-blick-auf-den-garten\\\/#breadcrumb\",\"itemListElement\":[{\"@type\":\"ListItem\",\"position\":1,\"name\":\"Accueil\",\"item\":\"https:\\\/\\\/www.residence-acqua-linda-porticcio.com\\\/de\\\/\"},{\"@type\":\"ListItem\",\"position\":2,\"name\":\"Wohnungen\",\"item\":\"https:\\\/\\\/www.residence-acqua-linda-porticcio.com\\\/de\\\/wohnungen\\\/\"},{\"@type\":\"ListItem\",\"position\":3,\"name\":\"STUDIO Terrasse mit Blick auf den Garten\"}]},{\"@type\":\"WebSite\",\"@id\":\"https:\\\/\\\/www.residence-acqua-linda-porticcio.com\\\/de\\\/#website\",\"url\":\"https:\\\/\\\/www.residence-acqua-linda-porticcio.com\\\/de\\\/\",\"name\":\"R\u00e9sidence AcquacLinda Porticcio\",\"description\":\"\",\"potentialAction\":[{\"@type\":\"SearchAction\",\"target\":{\"@type\":\"EntryPoint\",\"urlTemplate\":\"https:\\\/\\\/www.residence-acqua-linda-porticcio.com\\\/de\\\/?s={search_term_string}\"},\"query-input\":{\"@type\":\"PropertyValueSpecification\",\"valueRequired\":true,\"valueName\":\"search_term_string\"}}],\"inLanguage\":\"de-DE\"}]}<\/script>\n<!-- \/ Yoast SEO plugin. -->","yoast_head_json":{"title":"STUDIO Terrasse mit Blick auf den Garten - R\u00e9sidence AcquacLinda Porticcio","description":"Studio de 2 personnes enti\u00e8rement \u00e9quip\u00e9. Dot\u00e9 d'une connexion wifi gratuite, cet appartement dispose d'une t\u00e9l\u00e9vision \u00e0 \u00e9cran plat, d'un lave-linge et d'une cuisine enti\u00e8rement \u00e9quip\u00e9e avec lave-vaisselle, micro-ondes, cafeti\u00e8re Nespresso et le n\u00e9c\u00e9ssaire pour cuisiner et manger.","robots":{"index":"index","follow":"follow","max-snippet":"max-snippet:-1","max-image-preview":"max-image-preview:large","max-video-preview":"max-video-preview:-1"},"canonical":"https:\/\/www.residence-acqua-linda-porticcio.com\/de\/wohnungen\/studio-terrasse-mit-blick-auf-den-garten\/","og_locale":"de_DE","og_type":"article","og_title":"STUDIO Terrasse mit Blick auf den Garten - R\u00e9sidence AcquacLinda Porticcio","og_description":"Studio de 2 personnes enti\u00e8rement \u00e9quip\u00e9. Dot\u00e9 d'une connexion wifi gratuite, cet appartement dispose d'une t\u00e9l\u00e9vision \u00e0 \u00e9cran plat, d'un lave-linge et d'une cuisine enti\u00e8rement \u00e9quip\u00e9e avec lave-vaisselle, micro-ondes, cafeti\u00e8re Nespresso et le n\u00e9c\u00e9ssaire pour cuisiner et manger.","og_url":"https:\/\/www.residence-acqua-linda-porticcio.com\/de\/wohnungen\/studio-terrasse-mit-blick-auf-den-garten\/","og_site_name":"R\u00e9sidence AcquacLinda Porticcio","article_modified_time":"2024-07-05T16:25:11+00:00","twitter_card":"summary_large_image","twitter_misc":{"Gesch\u00e4tzte Lesezeit":"1 Minute"},"schema":{"@context":"https:\/\/schema.org","@graph":[{"@type":"WebPage","@id":"https:\/\/www.residence-acqua-linda-porticcio.com\/de\/wohnungen\/studio-terrasse-mit-blick-auf-den-garten\/","url":"https:\/\/www.residence-acqua-linda-porticcio.com\/de\/wohnungen\/studio-terrasse-mit-blick-auf-den-garten\/","name":"STUDIO Terrasse mit Blick auf den Garten - R\u00e9sidence AcquacLinda Porticcio","isPartOf":{"@id":"https:\/\/www.residence-acqua-linda-porticcio.com\/de\/#website"},"datePublished":"2024-05-31T17:01:15+00:00","dateModified":"2024-07-05T16:25:11+00:00","description":"Studio de 2 personnes enti\u00e8rement \u00e9quip\u00e9. Dot\u00e9 d'une connexion wifi gratuite, cet appartement dispose d'une t\u00e9l\u00e9vision \u00e0 \u00e9cran plat, d'un lave-linge et d'une cuisine enti\u00e8rement \u00e9quip\u00e9e avec lave-vaisselle, micro-ondes, cafeti\u00e8re Nespresso et le n\u00e9c\u00e9ssaire pour cuisiner et manger.","breadcrumb":{"@id":"https:\/\/www.residence-acqua-linda-porticcio.com\/de\/wohnungen\/studio-terrasse-mit-blick-auf-den-garten\/#breadcrumb"},"inLanguage":"de-DE","potentialAction":[{"@type":"ReadAction","target":["https:\/\/www.residence-acqua-linda-porticcio.com\/de\/wohnungen\/studio-terrasse-mit-blick-auf-den-garten\/"]}]},{"@type":"BreadcrumbList","@id":"https:\/\/www.residence-acqua-linda-porticcio.com\/de\/wohnungen\/studio-terrasse-mit-blick-auf-den-garten\/#breadcrumb","itemListElement":[{"@type":"ListItem","position":1,"name":"Accueil","item":"https:\/\/www.residence-acqua-linda-porticcio.com\/de\/"},{"@type":"ListItem","position":2,"name":"Wohnungen","item":"https:\/\/www.residence-acqua-linda-porticcio.com\/de\/wohnungen\/"},{"@type":"ListItem","position":3,"name":"STUDIO Terrasse mit Blick auf den Garten"}]},{"@type":"WebSite","@id":"https:\/\/www.residence-acqua-linda-porticcio.com\/de\/#website","url":"https:\/\/www.residence-acqua-linda-porticcio.com\/de\/","name":"R\u00e9sidence AcquacLinda Porticcio","description":"","potentialAction":[{"@type":"SearchAction","target":{"@type":"EntryPoint","urlTemplate":"https:\/\/www.residence-acqua-linda-porticcio.com\/de\/?s={search_term_string}"},"query-input":{"@type":"PropertyValueSpecification","valueRequired":true,"valueName":"search_term_string"}}],"inLanguage":"de-DE"}]}},"acf":[],"_links":{"self":[{"href":"https:\/\/www.residence-acqua-linda-porticcio.com\/de\/wp-json\/wp\/v2\/pages\/99","targetHints":{"allow":["GET"]}}],"collection":[{"href":"https:\/\/www.residence-acqua-linda-porticcio.com\/de\/wp-json\/wp\/v2\/pages"}],"about":[{"href":"https:\/\/www.residence-acqua-linda-porticcio.com\/de\/wp-json\/wp\/v2\/types\/page"}],"author":[{"embeddable":true,"href":"https:\/\/www.residence-acqua-linda-porticcio.com\/de\/wp-json\/wp\/v2\/users\/25"}],"replies":[{"embeddable":true,"href":"https:\/\/www.residence-acqua-linda-porticcio.com\/de\/wp-json\/wp\/v2\/comments?post=99"}],"version-history":[{"count":0,"href":"https:\/\/www.residence-acqua-linda-porticcio.com\/de\/wp-json\/wp\/v2\/pages\/99\/revisions"}],"up":[{"embeddable":true,"href":"https:\/\/www.residence-acqua-linda-porticcio.com\/de\/wp-json\/wp\/v2\/pages\/95"}],"wp:attachment":[{"href":"https:\/\/www.residence-acqua-linda-porticcio.com\/de\/wp-json\/wp\/v2\/media?parent=99"}],"curies":[{"name":"wp","href":"https:\/\/api.w.org\/{rel}","templated":true}]}}