{"id":97,"date":"2024-05-31T19:02:27","date_gmt":"2024-05-31T17:02:27","guid":{"rendered":"https:\/\/residence-acqua-linda-porticcio.ms2.decms.eu\/appartements\/appartement-1-chambre-vue-mer\/"},"modified":"2024-07-09T15:25:42","modified_gmt":"2024-07-09T13:25:42","slug":"wohnung-mit-terrasse-und-meerblick","status":"publish","type":"page","link":"https:\/\/www.residence-acqua-linda-porticcio.com\/de\/wohnungen\/wohnung-mit-terrasse-und-meerblick\/","title":{"rendered":"WOHNUNG <br \/>mit Terrasse und Meerblick"},"content":{"rendered":"<p>Situ\u00e9 au dernier \u00e9tage de notre r\u00e9sidence, l&#8217;appartement climatis\u00e9 de 50m\u00b2, pouvant accueillir de 1 \u00e0 4 personnes, comprenant une entr\u00e9e avec cellier et machine \u00e0 laver, une pi\u00e8ce principale avec une cuisine enti\u00e8rement \u00e9quip\u00e9e avec espace repas , un espace salon avec canap\u00e9 lit, tv, table basse et dans le prolongement une terrasse de 20m\u00b2 avec vue d\u00e9gag\u00e9e sur le golfe d&#8217;Ajaccio qui sera sans aucun doute l&#8217;endroit o\u00f9 vous appr\u00e9cierez le plus profiter de vos vacances.<\/p>\n<p>Une chambre s\u00e9par\u00e9e avec lit en queen-size, penderie avec \u00e9tendoir et table \u00e0 repasser et une salle de bains avec douche \u00e0 l&#8217;italienne et toilettes vient compl\u00e9ter cet appartement. Vous trouverez \u00e9galement des articles de toiletttes et un s\u00e8che-cheveux. Est mis \u00e0 votre disposition gratuitement \u00e0 votre arriv\u00e9e du caf\u00e9 (cafeti\u00e8re Nespresso).<\/p>\n<p>Une connexion wifi gratuite est disponible dans tous les h\u00e9bergements. votre appartement \u00e0 Porticcio en location pour 1 \u00e0 4 personnes disposera d\u2019une chambre parents qui s\u2019ouvre sur une terrasse avec vue sur mer, d\u2019une cuisine et d\u2019une salle d\u2019eau avec douche \u00e0 l\u2019italienne.<\/p>\n<p>La terrasse de 20m2 de cet appartement \u00e0 Porticcio en location pour 2 personnes est sans aucun doute l\u2019endroit dont vous appr\u00e9cierez le plus profiter durant les vacances gr\u00e2ce \u00e0 la vue sur le golfe d\u2019Ajaccio.<\/p>\n<p>Durant votre location d\u2019un meubl\u00e9 \u00e0 Porticcio vous pourrez \u00e9galement profiter de la piscine de notre r\u00e9sidence qui est strictement r\u00e9serv\u00e9e \u00e0 notre client\u00e8le. L\u2019occasion de profiter du soleil de la Corse et de bronzer entre deux activit\u00e9s sur l\u2019\u00eele par exemple !<\/p>\n","protected":false},"excerpt":{"rendered":"<p>Situ\u00e9 au dernier \u00e9tage de notre r\u00e9sidence, l&#8217;appartement climatis\u00e9 de 50m\u00b2, pouvant accueillir de 1 \u00e0 4 personnes, comprenant une entr\u00e9e avec cellier et machine \u00e0 laver, une pi\u00e8ce principale avec une cuisine enti\u00e8rement \u00e9quip\u00e9e avec espace repas , un espace salon avec canap\u00e9 lit, tv, table basse et dans le prolongement une terrasse de [&hellip;]<\/p>\n","protected":false},"author":25,"featured_media":0,"parent":95,"menu_order":0,"comment_status":"closed","ping_status":"closed","template":"template-single-room.php","meta":{"footnotes":""},"class_list":["post-97","page","type-page","status-publish","hentry"],"yoast_head":"<!-- This site is optimized with the Yoast SEO plugin v27.3 - https:\/\/yoast.com\/product\/yoast-seo-wordpress\/ -->\n<title>WOHNUNG mit Terrasse und Meerblick - R\u00e9sidence AcquacLinda Porticcio<\/title>\n<meta name=\"description\" content=\"L&#039;appartement climatis\u00e9 de 50m\u00b2, pouvant accueillir de 1 \u00e0 4 personnes, comprenant une entr\u00e9e avec cellier et machine \u00e0 laver, une pi\u00e8ce principale avec une cuisine enti\u00e8rement \u00e9quip\u00e9e avec espace repas , un espace salon avec canap\u00e9 lit, tv, table basse et dans le prolongement une terrasse de 20m\u00b2 avec vue d\u00e9gag\u00e9e sur le golfe d&#039;Ajaccio qui sera sans aucun doute l&#039;endroit o\u00f9 vous appr\u00e9cierez le plus profiter de vos vacances.\" \/>\n<meta name=\"robots\" content=\"index, follow, max-snippet:-1, max-image-preview:large, max-video-preview:-1\" \/>\n<link rel=\"canonical\" href=\"https:\/\/www.residence-acqua-linda-porticcio.com\/de\/wohnungen\/wohnung-mit-terrasse-und-meerblick\/\" \/>\n<meta property=\"og:locale\" content=\"de_DE\" \/>\n<meta property=\"og:type\" content=\"article\" \/>\n<meta property=\"og:title\" content=\"WOHNUNG mit Terrasse und Meerblick - R\u00e9sidence AcquacLinda Porticcio\" \/>\n<meta property=\"og:description\" content=\"L&#039;appartement climatis\u00e9 de 50m\u00b2, pouvant accueillir de 1 \u00e0 4 personnes, comprenant une entr\u00e9e avec cellier et machine \u00e0 laver, une pi\u00e8ce principale avec une cuisine enti\u00e8rement \u00e9quip\u00e9e avec espace repas , un espace salon avec canap\u00e9 lit, tv, table basse et dans le prolongement une terrasse de 20m\u00b2 avec vue d\u00e9gag\u00e9e sur le golfe d&#039;Ajaccio qui sera sans aucun doute l&#039;endroit o\u00f9 vous appr\u00e9cierez le plus profiter de vos vacances.\" \/>\n<meta property=\"og:url\" content=\"https:\/\/www.residence-acqua-linda-porticcio.com\/de\/wohnungen\/wohnung-mit-terrasse-und-meerblick\/\" \/>\n<meta property=\"og:site_name\" content=\"R\u00e9sidence AcquacLinda Porticcio\" \/>\n<meta property=\"article:modified_time\" content=\"2024-07-09T13:25:42+00:00\" \/>\n<meta name=\"twitter:card\" content=\"summary_large_image\" \/>\n<meta name=\"twitter:label1\" content=\"Gesch\u00e4tzte Lesezeit\" \/>\n\t<meta name=\"twitter:data1\" content=\"2 Minuten\" \/>\n<script type=\"application\/ld+json\" class=\"yoast-schema-graph\">{\"@context\":\"https:\\\/\\\/schema.org\",\"@graph\":[{\"@type\":\"WebPage\",\"@id\":\"https:\\\/\\\/www.residence-acqua-linda-porticcio.com\\\/de\\\/wohnungen\\\/wohnung-mit-terrasse-und-meerblick\\\/\",\"url\":\"https:\\\/\\\/www.residence-acqua-linda-porticcio.com\\\/de\\\/wohnungen\\\/wohnung-mit-terrasse-und-meerblick\\\/\",\"name\":\"WOHNUNG mit Terrasse und Meerblick - R\u00e9sidence AcquacLinda Porticcio\",\"isPartOf\":{\"@id\":\"https:\\\/\\\/www.residence-acqua-linda-porticcio.com\\\/de\\\/#website\"},\"datePublished\":\"2024-05-31T17:02:27+00:00\",\"dateModified\":\"2024-07-09T13:25:42+00:00\",\"description\":\"L'appartement climatis\u00e9 de 50m\u00b2, pouvant accueillir de 1 \u00e0 4 personnes, comprenant une entr\u00e9e avec cellier et machine \u00e0 laver, une pi\u00e8ce principale avec une cuisine enti\u00e8rement \u00e9quip\u00e9e avec espace repas , un espace salon avec canap\u00e9 lit, tv, table basse et dans le prolongement une terrasse de 20m\u00b2 avec vue d\u00e9gag\u00e9e sur le golfe d'Ajaccio qui sera sans aucun doute l'endroit o\u00f9 vous appr\u00e9cierez le plus profiter de vos vacances.\",\"breadcrumb\":{\"@id\":\"https:\\\/\\\/www.residence-acqua-linda-porticcio.com\\\/de\\\/wohnungen\\\/wohnung-mit-terrasse-und-meerblick\\\/#breadcrumb\"},\"inLanguage\":\"de-DE\",\"potentialAction\":[{\"@type\":\"ReadAction\",\"target\":[\"https:\\\/\\\/www.residence-acqua-linda-porticcio.com\\\/de\\\/wohnungen\\\/wohnung-mit-terrasse-und-meerblick\\\/\"]}]},{\"@type\":\"BreadcrumbList\",\"@id\":\"https:\\\/\\\/www.residence-acqua-linda-porticcio.com\\\/de\\\/wohnungen\\\/wohnung-mit-terrasse-und-meerblick\\\/#breadcrumb\",\"itemListElement\":[{\"@type\":\"ListItem\",\"position\":1,\"name\":\"Accueil\",\"item\":\"https:\\\/\\\/www.residence-acqua-linda-porticcio.com\\\/de\\\/\"},{\"@type\":\"ListItem\",\"position\":2,\"name\":\"Wohnungen\",\"item\":\"https:\\\/\\\/www.residence-acqua-linda-porticcio.com\\\/de\\\/wohnungen\\\/\"},{\"@type\":\"ListItem\",\"position\":3,\"name\":\"WOHNUNG mit Terrasse und Meerblick\"}]},{\"@type\":\"WebSite\",\"@id\":\"https:\\\/\\\/www.residence-acqua-linda-porticcio.com\\\/de\\\/#website\",\"url\":\"https:\\\/\\\/www.residence-acqua-linda-porticcio.com\\\/de\\\/\",\"name\":\"R\u00e9sidence AcquacLinda Porticcio\",\"description\":\"\",\"potentialAction\":[{\"@type\":\"SearchAction\",\"target\":{\"@type\":\"EntryPoint\",\"urlTemplate\":\"https:\\\/\\\/www.residence-acqua-linda-porticcio.com\\\/de\\\/?s={search_term_string}\"},\"query-input\":{\"@type\":\"PropertyValueSpecification\",\"valueRequired\":true,\"valueName\":\"search_term_string\"}}],\"inLanguage\":\"de-DE\"}]}<\/script>\n<!-- \/ Yoast SEO plugin. -->","yoast_head_json":{"title":"WOHNUNG mit Terrasse und Meerblick - R\u00e9sidence AcquacLinda Porticcio","description":"L'appartement climatis\u00e9 de 50m\u00b2, pouvant accueillir de 1 \u00e0 4 personnes, comprenant une entr\u00e9e avec cellier et machine \u00e0 laver, une pi\u00e8ce principale avec une cuisine enti\u00e8rement \u00e9quip\u00e9e avec espace repas , un espace salon avec canap\u00e9 lit, tv, table basse et dans le prolongement une terrasse de 20m\u00b2 avec vue d\u00e9gag\u00e9e sur le golfe d'Ajaccio qui sera sans aucun doute l'endroit o\u00f9 vous appr\u00e9cierez le plus profiter de vos vacances.","robots":{"index":"index","follow":"follow","max-snippet":"max-snippet:-1","max-image-preview":"max-image-preview:large","max-video-preview":"max-video-preview:-1"},"canonical":"https:\/\/www.residence-acqua-linda-porticcio.com\/de\/wohnungen\/wohnung-mit-terrasse-und-meerblick\/","og_locale":"de_DE","og_type":"article","og_title":"WOHNUNG mit Terrasse und Meerblick - R\u00e9sidence AcquacLinda Porticcio","og_description":"L'appartement climatis\u00e9 de 50m\u00b2, pouvant accueillir de 1 \u00e0 4 personnes, comprenant une entr\u00e9e avec cellier et machine \u00e0 laver, une pi\u00e8ce principale avec une cuisine enti\u00e8rement \u00e9quip\u00e9e avec espace repas , un espace salon avec canap\u00e9 lit, tv, table basse et dans le prolongement une terrasse de 20m\u00b2 avec vue d\u00e9gag\u00e9e sur le golfe d'Ajaccio qui sera sans aucun doute l'endroit o\u00f9 vous appr\u00e9cierez le plus profiter de vos vacances.","og_url":"https:\/\/www.residence-acqua-linda-porticcio.com\/de\/wohnungen\/wohnung-mit-terrasse-und-meerblick\/","og_site_name":"R\u00e9sidence AcquacLinda Porticcio","article_modified_time":"2024-07-09T13:25:42+00:00","twitter_card":"summary_large_image","twitter_misc":{"Gesch\u00e4tzte Lesezeit":"2 Minuten"},"schema":{"@context":"https:\/\/schema.org","@graph":[{"@type":"WebPage","@id":"https:\/\/www.residence-acqua-linda-porticcio.com\/de\/wohnungen\/wohnung-mit-terrasse-und-meerblick\/","url":"https:\/\/www.residence-acqua-linda-porticcio.com\/de\/wohnungen\/wohnung-mit-terrasse-und-meerblick\/","name":"WOHNUNG mit Terrasse und Meerblick - R\u00e9sidence AcquacLinda Porticcio","isPartOf":{"@id":"https:\/\/www.residence-acqua-linda-porticcio.com\/de\/#website"},"datePublished":"2024-05-31T17:02:27+00:00","dateModified":"2024-07-09T13:25:42+00:00","description":"L'appartement climatis\u00e9 de 50m\u00b2, pouvant accueillir de 1 \u00e0 4 personnes, comprenant une entr\u00e9e avec cellier et machine \u00e0 laver, une pi\u00e8ce principale avec une cuisine enti\u00e8rement \u00e9quip\u00e9e avec espace repas , un espace salon avec canap\u00e9 lit, tv, table basse et dans le prolongement une terrasse de 20m\u00b2 avec vue d\u00e9gag\u00e9e sur le golfe d'Ajaccio qui sera sans aucun doute l'endroit o\u00f9 vous appr\u00e9cierez le plus profiter de vos vacances.","breadcrumb":{"@id":"https:\/\/www.residence-acqua-linda-porticcio.com\/de\/wohnungen\/wohnung-mit-terrasse-und-meerblick\/#breadcrumb"},"inLanguage":"de-DE","potentialAction":[{"@type":"ReadAction","target":["https:\/\/www.residence-acqua-linda-porticcio.com\/de\/wohnungen\/wohnung-mit-terrasse-und-meerblick\/"]}]},{"@type":"BreadcrumbList","@id":"https:\/\/www.residence-acqua-linda-porticcio.com\/de\/wohnungen\/wohnung-mit-terrasse-und-meerblick\/#breadcrumb","itemListElement":[{"@type":"ListItem","position":1,"name":"Accueil","item":"https:\/\/www.residence-acqua-linda-porticcio.com\/de\/"},{"@type":"ListItem","position":2,"name":"Wohnungen","item":"https:\/\/www.residence-acqua-linda-porticcio.com\/de\/wohnungen\/"},{"@type":"ListItem","position":3,"name":"WOHNUNG mit Terrasse und Meerblick"}]},{"@type":"WebSite","@id":"https:\/\/www.residence-acqua-linda-porticcio.com\/de\/#website","url":"https:\/\/www.residence-acqua-linda-porticcio.com\/de\/","name":"R\u00e9sidence AcquacLinda Porticcio","description":"","potentialAction":[{"@type":"SearchAction","target":{"@type":"EntryPoint","urlTemplate":"https:\/\/www.residence-acqua-linda-porticcio.com\/de\/?s={search_term_string}"},"query-input":{"@type":"PropertyValueSpecification","valueRequired":true,"valueName":"search_term_string"}}],"inLanguage":"de-DE"}]}},"acf":[],"_links":{"self":[{"href":"https:\/\/www.residence-acqua-linda-porticcio.com\/de\/wp-json\/wp\/v2\/pages\/97","targetHints":{"allow":["GET"]}}],"collection":[{"href":"https:\/\/www.residence-acqua-linda-porticcio.com\/de\/wp-json\/wp\/v2\/pages"}],"about":[{"href":"https:\/\/www.residence-acqua-linda-porticcio.com\/de\/wp-json\/wp\/v2\/types\/page"}],"author":[{"embeddable":true,"href":"https:\/\/www.residence-acqua-linda-porticcio.com\/de\/wp-json\/wp\/v2\/users\/25"}],"replies":[{"embeddable":true,"href":"https:\/\/www.residence-acqua-linda-porticcio.com\/de\/wp-json\/wp\/v2\/comments?post=97"}],"version-history":[{"count":0,"href":"https:\/\/www.residence-acqua-linda-porticcio.com\/de\/wp-json\/wp\/v2\/pages\/97\/revisions"}],"up":[{"embeddable":true,"href":"https:\/\/www.residence-acqua-linda-porticcio.com\/de\/wp-json\/wp\/v2\/pages\/95"}],"wp:attachment":[{"href":"https:\/\/www.residence-acqua-linda-porticcio.com\/de\/wp-json\/wp\/v2\/media?parent=97"}],"curies":[{"name":"wp","href":"https:\/\/api.w.org\/{rel}","templated":true}]}}