{"id":95,"date":"2024-05-31T18:59:04","date_gmt":"2024-05-31T16:59:04","guid":{"rendered":"https:\/\/residence-acqua-linda-porticcio.ms2.decms.eu\/appartements\/"},"modified":"2024-09-22T15:55:35","modified_gmt":"2024-09-22T13:55:35","slug":"wohnungen","status":"publish","type":"page","link":"https:\/\/www.residence-acqua-linda-porticcio.com\/de\/wohnungen\/","title":{"rendered":"Wohnungen"},"content":{"rendered":"<p>Unsere Residenz Acqua Linda Porticcio bietet 14 Apartments f\u00fcr 1 bis 4 Personen und 1 Studio f\u00fcr 1 bis 2 Personen. Die Mietwohnungen verf\u00fcgen \u00fcber ein Schlafzimmer und ein Schlafzimmer im Hauptraum und eine \u00abvoll ausgestattete\u00bb K\u00fcche f\u00fcr einen unabh\u00e4ngigen Aufenthalt. ein Wohnzimmer mit Blick auf eine sch\u00f6ne und gro\u00dfe ausgestattete Terrasse. Jede Unterkunft verf\u00fcgt \u00fcber ein Badezimmer mit Dusche und WC.<\/p>\n<p>Unsere Residenz liegt am s\u00fcdlichen Ufer des Golfs von Ajaccio und bietet Ihnen das ganze Jahr \u00fcber charmante Apartments mit verschiedenen Ansichten. Die Gelegenheit, die Region und die N\u00e4he zu Porticcio, den Sanguinaires-Inseln oder Ajaccio zu genie\u00dfen, aber auch ganz Korsika w\u00e4hrend Ihres Aufenthalts zu entdecken. Wenn Sie auf der Suche nach einer Wohnung in Porticcio f\u00fcr 1 bis 4 Personen sind, werden Sie mit Sicherheit die unserer Unterkunft genie\u00dfen!<\/p>\n<p><strong>Nutzen Sie Ihren Aufenthalt, um Korsika zu entdecken!<\/strong><br \/>\nDie Wahl einer Wohnung in der Residenz Acqua Linda Porticcio ist eine sehr gute Gelegenheit, einen Aufenthalt in Korsika zu zweit, mit der Familie oder mit Freunden zum Beispiel zu genie\u00dfen. Die Lage unserer Residenz erm\u00f6glicht es Ihnen, nur 600 m von kleinen Gesch\u00e4ften und 6 km vom Zentrum von Porticcio entfernt zu sein. Die Gelegenheit, die Stadt mit ihrem Strand, ihrem Wassersportzentrum, ihrem Reitzentrum usw. zu entdecken. Es ist Zeit oder nie, sich beim Jetski zu versuchen oder ein Boot f\u00fcr den Tag zu mieten, eine Seefahrt zu genie\u00dfen und warum nicht ein wenig Tauchen zu machen. Sie k\u00f6nnen sich auch f\u00fcr die Entdeckung des Silberstrandes oder Mare e Sole entscheiden, der am bekanntesten im Golf von Ajaccio ist.<\/p>\n<p>Die Vermietung einer m\u00f6blierten Wohnung in Porticcio erm\u00f6glicht es Ihnen, die gesamte Insel der Sch\u00f6nheit dank der idealen Lage unserer Residenz zu genie\u00dfen. Sie k\u00f6nnen Ajaccio leicht erreichen und das Fesch-Museum, das Bonaparte-Haus, die Kathedrale Santa Maria Assunta oder die Calanques de Piana entdecken. Sie haben auch die M\u00f6glichkeit, Ihren Aufenthalt in unserer Residenz Acqua Linda Porticcio zu nutzen, um Bonifacio, Porto-Vecchio, Propriano zu entdecken oder sogar den regionalen Naturpark von Korsika durch eine Wanderung auf dem ber\u00fchmten GR20 zum Beispiel zu genie\u00dfen.<\/p>\n<p>W\u00e4hrend Ihres Urlaubs werden die Aktivit\u00e4ten zur Entdeckung Korsikas nicht fehlen, und Sie werden die M\u00f6glichkeit haben, die Landschaft komplett zu \u00e4ndern und die Sonne und das t\u00fcrkisfarbene Wasser zu genie\u00dfen, weniger als zwei Flugstunden von Paris entfernt!<\/p>\n<p>&nbsp;<\/p>\n<p>Eine Kaution in H\u00f6he von 190 Euro wird bei der Ankunft verlangt (zahlbar in bar oder per Scheck), diese wird bei der Abreise zur\u00fcckgegeben, wenn die Anweisungen bez\u00fcglich der Reinigung eingehalten werden.<\/p>\n","protected":false},"excerpt":{"rendered":"<p>Unsere Residenz Acqua Linda Porticcio bietet 14 Apartments f\u00fcr 1 bis 4 Personen und 1 Studio f\u00fcr 1 bis 2 Personen. Die Mietwohnungen verf\u00fcgen \u00fcber ein Schlafzimmer und ein Schlafzimmer im Hauptraum und eine \u00abvoll ausgestattete\u00bb K\u00fcche f\u00fcr einen unabh\u00e4ngigen Aufenthalt. ein Wohnzimmer mit Blick auf eine sch\u00f6ne und gro\u00dfe ausgestattete Terrasse. Jede Unterkunft verf\u00fcgt [&hellip;]<\/p>\n","protected":false},"author":25,"featured_media":0,"parent":0,"menu_order":0,"comment_status":"closed","ping_status":"closed","template":"template-rooms.php","meta":{"footnotes":""},"class_list":["post-95","page","type-page","status-publish","hentry"],"yoast_head":"<!-- This site is optimized with the Yoast SEO plugin v27.3 - https:\/\/yoast.com\/product\/yoast-seo-wordpress\/ -->\n<title>Wohnungen - R\u00e9sidence AcquacLinda Porticcio<\/title>\n<meta name=\"description\" content=\"Unsere Residenz Acqua Linda Porticcio bietet 14 Apartments f\u00fcr 1 bis 4 Personen und 1 Studio f\u00fcr 1 bis 2 Personen. Die Mietwohnungen verf\u00fcgen \u00fcber ein\" \/>\n<meta name=\"robots\" content=\"index, follow, max-snippet:-1, max-image-preview:large, max-video-preview:-1\" \/>\n<link rel=\"canonical\" href=\"https:\/\/www.residence-acqua-linda-porticcio.com\/de\/wohnungen\/\" \/>\n<meta property=\"og:locale\" content=\"de_DE\" \/>\n<meta property=\"og:type\" content=\"article\" \/>\n<meta property=\"og:title\" content=\"Wohnungen - R\u00e9sidence AcquacLinda Porticcio\" \/>\n<meta property=\"og:description\" content=\"Unsere Residenz Acqua Linda Porticcio bietet 14 Apartments f\u00fcr 1 bis 4 Personen und 1 Studio f\u00fcr 1 bis 2 Personen. Die Mietwohnungen verf\u00fcgen \u00fcber ein\" \/>\n<meta property=\"og:url\" content=\"https:\/\/www.residence-acqua-linda-porticcio.com\/de\/wohnungen\/\" \/>\n<meta property=\"og:site_name\" content=\"R\u00e9sidence AcquacLinda Porticcio\" \/>\n<meta property=\"article:modified_time\" content=\"2024-09-22T13:55:35+00:00\" \/>\n<meta name=\"twitter:card\" content=\"summary_large_image\" \/>\n<meta name=\"twitter:label1\" content=\"Gesch\u00e4tzte Lesezeit\" \/>\n\t<meta name=\"twitter:data1\" content=\"3 Minuten\" \/>\n<script type=\"application\/ld+json\" class=\"yoast-schema-graph\">{\"@context\":\"https:\\\/\\\/schema.org\",\"@graph\":[{\"@type\":\"WebPage\",\"@id\":\"https:\\\/\\\/www.residence-acqua-linda-porticcio.com\\\/de\\\/wohnungen\\\/\",\"url\":\"https:\\\/\\\/www.residence-acqua-linda-porticcio.com\\\/de\\\/wohnungen\\\/\",\"name\":\"Wohnungen - R\u00e9sidence AcquacLinda Porticcio\",\"isPartOf\":{\"@id\":\"https:\\\/\\\/www.residence-acqua-linda-porticcio.com\\\/de\\\/#website\"},\"datePublished\":\"2024-05-31T16:59:04+00:00\",\"dateModified\":\"2024-09-22T13:55:35+00:00\",\"description\":\"Unsere Residenz Acqua Linda Porticcio bietet 14 Apartments f\u00fcr 1 bis 4 Personen und 1 Studio f\u00fcr 1 bis 2 Personen. Die Mietwohnungen verf\u00fcgen \u00fcber ein\",\"breadcrumb\":{\"@id\":\"https:\\\/\\\/www.residence-acqua-linda-porticcio.com\\\/de\\\/wohnungen\\\/#breadcrumb\"},\"inLanguage\":\"de-DE\",\"potentialAction\":[{\"@type\":\"ReadAction\",\"target\":[\"https:\\\/\\\/www.residence-acqua-linda-porticcio.com\\\/de\\\/wohnungen\\\/\"]}]},{\"@type\":\"BreadcrumbList\",\"@id\":\"https:\\\/\\\/www.residence-acqua-linda-porticcio.com\\\/de\\\/wohnungen\\\/#breadcrumb\",\"itemListElement\":[{\"@type\":\"ListItem\",\"position\":1,\"name\":\"Accueil\",\"item\":\"https:\\\/\\\/www.residence-acqua-linda-porticcio.com\\\/de\\\/\"},{\"@type\":\"ListItem\",\"position\":2,\"name\":\"Wohnungen\"}]},{\"@type\":\"WebSite\",\"@id\":\"https:\\\/\\\/www.residence-acqua-linda-porticcio.com\\\/de\\\/#website\",\"url\":\"https:\\\/\\\/www.residence-acqua-linda-porticcio.com\\\/de\\\/\",\"name\":\"R\u00e9sidence AcquacLinda Porticcio\",\"description\":\"\",\"potentialAction\":[{\"@type\":\"SearchAction\",\"target\":{\"@type\":\"EntryPoint\",\"urlTemplate\":\"https:\\\/\\\/www.residence-acqua-linda-porticcio.com\\\/de\\\/?s={search_term_string}\"},\"query-input\":{\"@type\":\"PropertyValueSpecification\",\"valueRequired\":true,\"valueName\":\"search_term_string\"}}],\"inLanguage\":\"de-DE\"}]}<\/script>\n<!-- \/ Yoast SEO plugin. -->","yoast_head_json":{"title":"Wohnungen - R\u00e9sidence AcquacLinda Porticcio","description":"Unsere Residenz Acqua Linda Porticcio bietet 14 Apartments f\u00fcr 1 bis 4 Personen und 1 Studio f\u00fcr 1 bis 2 Personen. Die Mietwohnungen verf\u00fcgen \u00fcber ein","robots":{"index":"index","follow":"follow","max-snippet":"max-snippet:-1","max-image-preview":"max-image-preview:large","max-video-preview":"max-video-preview:-1"},"canonical":"https:\/\/www.residence-acqua-linda-porticcio.com\/de\/wohnungen\/","og_locale":"de_DE","og_type":"article","og_title":"Wohnungen - R\u00e9sidence AcquacLinda Porticcio","og_description":"Unsere Residenz Acqua Linda Porticcio bietet 14 Apartments f\u00fcr 1 bis 4 Personen und 1 Studio f\u00fcr 1 bis 2 Personen. Die Mietwohnungen verf\u00fcgen \u00fcber ein","og_url":"https:\/\/www.residence-acqua-linda-porticcio.com\/de\/wohnungen\/","og_site_name":"R\u00e9sidence AcquacLinda Porticcio","article_modified_time":"2024-09-22T13:55:35+00:00","twitter_card":"summary_large_image","twitter_misc":{"Gesch\u00e4tzte Lesezeit":"3 Minuten"},"schema":{"@context":"https:\/\/schema.org","@graph":[{"@type":"WebPage","@id":"https:\/\/www.residence-acqua-linda-porticcio.com\/de\/wohnungen\/","url":"https:\/\/www.residence-acqua-linda-porticcio.com\/de\/wohnungen\/","name":"Wohnungen - R\u00e9sidence AcquacLinda Porticcio","isPartOf":{"@id":"https:\/\/www.residence-acqua-linda-porticcio.com\/de\/#website"},"datePublished":"2024-05-31T16:59:04+00:00","dateModified":"2024-09-22T13:55:35+00:00","description":"Unsere Residenz Acqua Linda Porticcio bietet 14 Apartments f\u00fcr 1 bis 4 Personen und 1 Studio f\u00fcr 1 bis 2 Personen. Die Mietwohnungen verf\u00fcgen \u00fcber ein","breadcrumb":{"@id":"https:\/\/www.residence-acqua-linda-porticcio.com\/de\/wohnungen\/#breadcrumb"},"inLanguage":"de-DE","potentialAction":[{"@type":"ReadAction","target":["https:\/\/www.residence-acqua-linda-porticcio.com\/de\/wohnungen\/"]}]},{"@type":"BreadcrumbList","@id":"https:\/\/www.residence-acqua-linda-porticcio.com\/de\/wohnungen\/#breadcrumb","itemListElement":[{"@type":"ListItem","position":1,"name":"Accueil","item":"https:\/\/www.residence-acqua-linda-porticcio.com\/de\/"},{"@type":"ListItem","position":2,"name":"Wohnungen"}]},{"@type":"WebSite","@id":"https:\/\/www.residence-acqua-linda-porticcio.com\/de\/#website","url":"https:\/\/www.residence-acqua-linda-porticcio.com\/de\/","name":"R\u00e9sidence AcquacLinda Porticcio","description":"","potentialAction":[{"@type":"SearchAction","target":{"@type":"EntryPoint","urlTemplate":"https:\/\/www.residence-acqua-linda-porticcio.com\/de\/?s={search_term_string}"},"query-input":{"@type":"PropertyValueSpecification","valueRequired":true,"valueName":"search_term_string"}}],"inLanguage":"de-DE"}]}},"acf":[],"_links":{"self":[{"href":"https:\/\/www.residence-acqua-linda-porticcio.com\/de\/wp-json\/wp\/v2\/pages\/95","targetHints":{"allow":["GET"]}}],"collection":[{"href":"https:\/\/www.residence-acqua-linda-porticcio.com\/de\/wp-json\/wp\/v2\/pages"}],"about":[{"href":"https:\/\/www.residence-acqua-linda-porticcio.com\/de\/wp-json\/wp\/v2\/types\/page"}],"author":[{"embeddable":true,"href":"https:\/\/www.residence-acqua-linda-porticcio.com\/de\/wp-json\/wp\/v2\/users\/25"}],"replies":[{"embeddable":true,"href":"https:\/\/www.residence-acqua-linda-porticcio.com\/de\/wp-json\/wp\/v2\/comments?post=95"}],"version-history":[{"count":0,"href":"https:\/\/www.residence-acqua-linda-porticcio.com\/de\/wp-json\/wp\/v2\/pages\/95\/revisions"}],"wp:attachment":[{"href":"https:\/\/www.residence-acqua-linda-porticcio.com\/de\/wp-json\/wp\/v2\/media?parent=95"}],"curies":[{"name":"wp","href":"https:\/\/api.w.org\/{rel}","templated":true}]}}