{"id":94,"date":"2024-05-31T19:01:55","date_gmt":"2024-05-31T17:01:55","guid":{"rendered":"https:\/\/residence-acqua-linda-porticcio.ms2.decms.eu\/appartement-1-chambre-terrasse\/"},"modified":"2024-07-05T18:09:16","modified_gmt":"2024-07-05T16:09:16","slug":"wohnung-terrasse-terrasse-garten","status":"publish","type":"page","link":"https:\/\/www.residence-acqua-linda-porticcio.com\/de\/wohnungen\/wohnung-terrasse-terrasse-garten\/","title":{"rendered":"WOHNUNG <br \/>Terrasse\/ Terrasse &#038; Garten"},"content":{"rendered":"<p>43 oder 50 m\u00b2 gro\u00dfes, klimatisiertes Apartment f\u00fcr 1 bis 4 Personen, bestehend aus einem Eingang mit Speisekammer und Waschmaschine, einem Hauptraum mit einer voll ausgestatteten K\u00fcche mit Essbereich, einem Wohnbereich mit Schlafsofa, TV, Couchtisch und in der Verl\u00e4ngerung eine Terrasse mit Tischen und St\u00fchlen.<\/p>\n<p>Ein separates Schlafzimmer mit Queensize-Bett, Kleiderschrank mit W\u00e4schest\u00e4nder und B\u00fcgelbrett und ein Badezimmer mit Dusche vervollst\u00e4ndigen diese Wohnung. Auch ein Haartrockner und Pflegeprodukte sind vorhanden.<\/p>\n<p>Bei Ihrer Ankunft steht Ihnen kostenlos Kaffee (Nespresso-Kaffeemaschine) zur Verf\u00fcgung. Alle Unterk\u00fcnfte bieten kostenfreies WLAN.<\/p>\n<p>W\u00e4hrend Sie eine m\u00f6blierte Wohnung in Porticcio mieten, k\u00f6nnen Sie auch den Pool unserer Residenz genie\u00dfen, der ausschlie\u00dflich unseren Kunden vorbehalten ist. Die Gelegenheit, die Sonne Korsikas zu genie\u00dfen und sich zwischen zwei Aktivit\u00e4ten auf der Insel zu sonnen!<\/p>\n","protected":false},"excerpt":{"rendered":"<p>43 oder 50 m\u00b2 gro\u00dfes, klimatisiertes Apartment f\u00fcr 1 bis 4 Personen, bestehend aus einem Eingang mit Speisekammer und Waschmaschine, einem Hauptraum mit einer voll ausgestatteten K\u00fcche mit Essbereich, einem Wohnbereich mit Schlafsofa, TV, Couchtisch und in der Verl\u00e4ngerung eine Terrasse mit Tischen und St\u00fchlen. Ein separates Schlafzimmer mit Queensize-Bett, Kleiderschrank mit W\u00e4schest\u00e4nder und B\u00fcgelbrett [&hellip;]<\/p>\n","protected":false},"author":25,"featured_media":0,"parent":95,"menu_order":0,"comment_status":"closed","ping_status":"closed","template":"template-single-room.php","meta":{"footnotes":""},"class_list":["post-94","page","type-page","status-publish","hentry"],"yoast_head":"<!-- This site is optimized with the Yoast SEO plugin v27.3 - https:\/\/yoast.com\/product\/yoast-seo-wordpress\/ -->\n<title>WOHNUNG Terrasse\/ Terrasse &amp; Garten - R\u00e9sidence AcquacLinda Porticcio<\/title>\n<meta name=\"description\" content=\"Appartement 1 chambre avec terrasse : Appartement climatis\u00e9 de 43 ou 50m\u00b2, pouvant accueillir de 1 \u00e0 4 personnes, comprenant une entr\u00e9e avec cellier et machine \u00e0 laver, une pi\u00e8ce principale avec une cuisine enti\u00e8rement \u00e9quip\u00e9e avec espace repas , un espace salon avec canap\u00e9 lit, tv, table basse et dans le prolongement une terrasse avec tables et chaises.\" \/>\n<meta name=\"robots\" content=\"index, follow, max-snippet:-1, max-image-preview:large, max-video-preview:-1\" \/>\n<link rel=\"canonical\" href=\"https:\/\/www.residence-acqua-linda-porticcio.com\/de\/wohnungen\/wohnung-terrasse-terrasse-garten\/\" \/>\n<meta property=\"og:locale\" content=\"de_DE\" \/>\n<meta property=\"og:type\" content=\"article\" \/>\n<meta property=\"og:title\" content=\"WOHNUNG Terrasse\/ Terrasse &amp; Garten - R\u00e9sidence AcquacLinda Porticcio\" \/>\n<meta property=\"og:description\" content=\"Appartement 1 chambre avec terrasse : Appartement climatis\u00e9 de 43 ou 50m\u00b2, pouvant accueillir de 1 \u00e0 4 personnes, comprenant une entr\u00e9e avec cellier et machine \u00e0 laver, une pi\u00e8ce principale avec une cuisine enti\u00e8rement \u00e9quip\u00e9e avec espace repas , un espace salon avec canap\u00e9 lit, tv, table basse et dans le prolongement une terrasse avec tables et chaises.\" \/>\n<meta property=\"og:url\" content=\"https:\/\/www.residence-acqua-linda-porticcio.com\/de\/wohnungen\/wohnung-terrasse-terrasse-garten\/\" \/>\n<meta property=\"og:site_name\" content=\"R\u00e9sidence AcquacLinda Porticcio\" \/>\n<meta property=\"article:modified_time\" content=\"2024-07-05T16:09:16+00:00\" \/>\n<meta name=\"twitter:card\" content=\"summary_large_image\" \/>\n<meta name=\"twitter:label1\" content=\"Gesch\u00e4tzte Lesezeit\" \/>\n\t<meta name=\"twitter:data1\" content=\"1 Minute\" \/>\n<script type=\"application\/ld+json\" class=\"yoast-schema-graph\">{\"@context\":\"https:\\\/\\\/schema.org\",\"@graph\":[{\"@type\":\"WebPage\",\"@id\":\"https:\\\/\\\/www.residence-acqua-linda-porticcio.com\\\/de\\\/wohnungen\\\/wohnung-terrasse-terrasse-garten\\\/\",\"url\":\"https:\\\/\\\/www.residence-acqua-linda-porticcio.com\\\/de\\\/wohnungen\\\/wohnung-terrasse-terrasse-garten\\\/\",\"name\":\"WOHNUNG Terrasse\\\/ Terrasse & Garten - R\u00e9sidence AcquacLinda Porticcio\",\"isPartOf\":{\"@id\":\"https:\\\/\\\/www.residence-acqua-linda-porticcio.com\\\/de\\\/#website\"},\"datePublished\":\"2024-05-31T17:01:55+00:00\",\"dateModified\":\"2024-07-05T16:09:16+00:00\",\"description\":\"Appartement 1 chambre avec terrasse : Appartement climatis\u00e9 de 43 ou 50m\u00b2, pouvant accueillir de 1 \u00e0 4 personnes, comprenant une entr\u00e9e avec cellier et machine \u00e0 laver, une pi\u00e8ce principale avec une cuisine enti\u00e8rement \u00e9quip\u00e9e avec espace repas , un espace salon avec canap\u00e9 lit, tv, table basse et dans le prolongement une terrasse avec tables et chaises.\",\"breadcrumb\":{\"@id\":\"https:\\\/\\\/www.residence-acqua-linda-porticcio.com\\\/de\\\/wohnungen\\\/wohnung-terrasse-terrasse-garten\\\/#breadcrumb\"},\"inLanguage\":\"de-DE\",\"potentialAction\":[{\"@type\":\"ReadAction\",\"target\":[\"https:\\\/\\\/www.residence-acqua-linda-porticcio.com\\\/de\\\/wohnungen\\\/wohnung-terrasse-terrasse-garten\\\/\"]}]},{\"@type\":\"BreadcrumbList\",\"@id\":\"https:\\\/\\\/www.residence-acqua-linda-porticcio.com\\\/de\\\/wohnungen\\\/wohnung-terrasse-terrasse-garten\\\/#breadcrumb\",\"itemListElement\":[{\"@type\":\"ListItem\",\"position\":1,\"name\":\"Accueil\",\"item\":\"https:\\\/\\\/www.residence-acqua-linda-porticcio.com\\\/de\\\/\"},{\"@type\":\"ListItem\",\"position\":2,\"name\":\"Wohnungen\",\"item\":\"https:\\\/\\\/www.residence-acqua-linda-porticcio.com\\\/de\\\/wohnungen\\\/\"},{\"@type\":\"ListItem\",\"position\":3,\"name\":\"WOHNUNG Terrasse\\\/ Terrasse &#038; Garten\"}]},{\"@type\":\"WebSite\",\"@id\":\"https:\\\/\\\/www.residence-acqua-linda-porticcio.com\\\/de\\\/#website\",\"url\":\"https:\\\/\\\/www.residence-acqua-linda-porticcio.com\\\/de\\\/\",\"name\":\"R\u00e9sidence AcquacLinda Porticcio\",\"description\":\"\",\"potentialAction\":[{\"@type\":\"SearchAction\",\"target\":{\"@type\":\"EntryPoint\",\"urlTemplate\":\"https:\\\/\\\/www.residence-acqua-linda-porticcio.com\\\/de\\\/?s={search_term_string}\"},\"query-input\":{\"@type\":\"PropertyValueSpecification\",\"valueRequired\":true,\"valueName\":\"search_term_string\"}}],\"inLanguage\":\"de-DE\"}]}<\/script>\n<!-- \/ Yoast SEO plugin. -->","yoast_head_json":{"title":"WOHNUNG Terrasse\/ Terrasse & Garten - R\u00e9sidence AcquacLinda Porticcio","description":"Appartement 1 chambre avec terrasse : Appartement climatis\u00e9 de 43 ou 50m\u00b2, pouvant accueillir de 1 \u00e0 4 personnes, comprenant une entr\u00e9e avec cellier et machine \u00e0 laver, une pi\u00e8ce principale avec une cuisine enti\u00e8rement \u00e9quip\u00e9e avec espace repas , un espace salon avec canap\u00e9 lit, tv, table basse et dans le prolongement une terrasse avec tables et chaises.","robots":{"index":"index","follow":"follow","max-snippet":"max-snippet:-1","max-image-preview":"max-image-preview:large","max-video-preview":"max-video-preview:-1"},"canonical":"https:\/\/www.residence-acqua-linda-porticcio.com\/de\/wohnungen\/wohnung-terrasse-terrasse-garten\/","og_locale":"de_DE","og_type":"article","og_title":"WOHNUNG Terrasse\/ Terrasse & Garten - R\u00e9sidence AcquacLinda Porticcio","og_description":"Appartement 1 chambre avec terrasse : Appartement climatis\u00e9 de 43 ou 50m\u00b2, pouvant accueillir de 1 \u00e0 4 personnes, comprenant une entr\u00e9e avec cellier et machine \u00e0 laver, une pi\u00e8ce principale avec une cuisine enti\u00e8rement \u00e9quip\u00e9e avec espace repas , un espace salon avec canap\u00e9 lit, tv, table basse et dans le prolongement une terrasse avec tables et chaises.","og_url":"https:\/\/www.residence-acqua-linda-porticcio.com\/de\/wohnungen\/wohnung-terrasse-terrasse-garten\/","og_site_name":"R\u00e9sidence AcquacLinda Porticcio","article_modified_time":"2024-07-05T16:09:16+00:00","twitter_card":"summary_large_image","twitter_misc":{"Gesch\u00e4tzte Lesezeit":"1 Minute"},"schema":{"@context":"https:\/\/schema.org","@graph":[{"@type":"WebPage","@id":"https:\/\/www.residence-acqua-linda-porticcio.com\/de\/wohnungen\/wohnung-terrasse-terrasse-garten\/","url":"https:\/\/www.residence-acqua-linda-porticcio.com\/de\/wohnungen\/wohnung-terrasse-terrasse-garten\/","name":"WOHNUNG Terrasse\/ Terrasse & Garten - R\u00e9sidence AcquacLinda Porticcio","isPartOf":{"@id":"https:\/\/www.residence-acqua-linda-porticcio.com\/de\/#website"},"datePublished":"2024-05-31T17:01:55+00:00","dateModified":"2024-07-05T16:09:16+00:00","description":"Appartement 1 chambre avec terrasse : Appartement climatis\u00e9 de 43 ou 50m\u00b2, pouvant accueillir de 1 \u00e0 4 personnes, comprenant une entr\u00e9e avec cellier et machine \u00e0 laver, une pi\u00e8ce principale avec une cuisine enti\u00e8rement \u00e9quip\u00e9e avec espace repas , un espace salon avec canap\u00e9 lit, tv, table basse et dans le prolongement une terrasse avec tables et chaises.","breadcrumb":{"@id":"https:\/\/www.residence-acqua-linda-porticcio.com\/de\/wohnungen\/wohnung-terrasse-terrasse-garten\/#breadcrumb"},"inLanguage":"de-DE","potentialAction":[{"@type":"ReadAction","target":["https:\/\/www.residence-acqua-linda-porticcio.com\/de\/wohnungen\/wohnung-terrasse-terrasse-garten\/"]}]},{"@type":"BreadcrumbList","@id":"https:\/\/www.residence-acqua-linda-porticcio.com\/de\/wohnungen\/wohnung-terrasse-terrasse-garten\/#breadcrumb","itemListElement":[{"@type":"ListItem","position":1,"name":"Accueil","item":"https:\/\/www.residence-acqua-linda-porticcio.com\/de\/"},{"@type":"ListItem","position":2,"name":"Wohnungen","item":"https:\/\/www.residence-acqua-linda-porticcio.com\/de\/wohnungen\/"},{"@type":"ListItem","position":3,"name":"WOHNUNG Terrasse\/ Terrasse &#038; Garten"}]},{"@type":"WebSite","@id":"https:\/\/www.residence-acqua-linda-porticcio.com\/de\/#website","url":"https:\/\/www.residence-acqua-linda-porticcio.com\/de\/","name":"R\u00e9sidence AcquacLinda Porticcio","description":"","potentialAction":[{"@type":"SearchAction","target":{"@type":"EntryPoint","urlTemplate":"https:\/\/www.residence-acqua-linda-porticcio.com\/de\/?s={search_term_string}"},"query-input":{"@type":"PropertyValueSpecification","valueRequired":true,"valueName":"search_term_string"}}],"inLanguage":"de-DE"}]}},"acf":[],"_links":{"self":[{"href":"https:\/\/www.residence-acqua-linda-porticcio.com\/de\/wp-json\/wp\/v2\/pages\/94","targetHints":{"allow":["GET"]}}],"collection":[{"href":"https:\/\/www.residence-acqua-linda-porticcio.com\/de\/wp-json\/wp\/v2\/pages"}],"about":[{"href":"https:\/\/www.residence-acqua-linda-porticcio.com\/de\/wp-json\/wp\/v2\/types\/page"}],"author":[{"embeddable":true,"href":"https:\/\/www.residence-acqua-linda-porticcio.com\/de\/wp-json\/wp\/v2\/users\/25"}],"replies":[{"embeddable":true,"href":"https:\/\/www.residence-acqua-linda-porticcio.com\/de\/wp-json\/wp\/v2\/comments?post=94"}],"version-history":[{"count":0,"href":"https:\/\/www.residence-acqua-linda-porticcio.com\/de\/wp-json\/wp\/v2\/pages\/94\/revisions"}],"up":[{"embeddable":true,"href":"https:\/\/www.residence-acqua-linda-porticcio.com\/de\/wp-json\/wp\/v2\/pages\/95"}],"wp:attachment":[{"href":"https:\/\/www.residence-acqua-linda-porticcio.com\/de\/wp-json\/wp\/v2\/media?parent=94"}],"curies":[{"name":"wp","href":"https:\/\/api.w.org\/{rel}","templated":true}]}}