{"id":121,"date":"2024-05-31T19:11:47","date_gmt":"2024-05-31T17:11:47","guid":{"rendered":"https:\/\/residence-acqua-linda-porticcio.ms2.decms.eu\/situation\/"},"modified":"2024-07-09T14:31:16","modified_gmt":"2024-07-09T12:31:16","slug":"standort","status":"publish","type":"page","link":"https:\/\/www.residence-acqua-linda-porticcio.com\/de\/standort\/","title":{"rendered":"Standort"},"content":{"rendered":"<p>Die residenz <strong>Acqua Linda Porticcio<\/strong> befindet sich <strong>am s\u00fcdlichen Ufer von Ajaccio an der Westk\u00fcste Korsikas<\/strong>. Porticcio ist ein Badeort mit seinem sehr gro\u00dfen Strand der Viva. Hier finden Sie den Turm von Capitello an seiner Spitze und im Sommer die M\u00f6glichkeit, Ajaccio direkt vom Strand aus zu erreichen.<br \/>\nPorticcio ist der ideale Ausgangspunkt f\u00fcr Ihre Ausfl\u00fcge durch Korsika.<\/p>\n<p><strong>Von Ajaccio oder seinem Flughafen aus:<\/strong><br \/>\nDirekte Verbindungen zu den internationalen Flugh\u00e4fen von Paris, Lyon, Nizza, Marseille, London, Br\u00fcssel&#8230; Fahren Sie in Richtung Bonifacio-Propriano-Sart\u00e8ne und dann Porticcio, fahren Sie ins Zentrum zur\u00fcck und fahren Sie weiter in Richtung Strand von Agosta Bei der Residenz Hotel &#8211; Motel Agosta biegen Sie links ab und nehmen Sie die 2. Stra\u00dfe rechts.<\/p>\n<p><strong>Andere Flugh\u00e4fen auf der Insel:<\/strong><br \/>\n&#8211; Bastia (Poretta) 2,5 km vom Hotel entfernt<br \/>\n&#8211; Figari 2,5 Stunden vom Hotel entfernt<br \/>\n&#8211; Calvi (St. Catherine) um 3:00 Uhr<\/p>\n<p><strong>Auf dem Schiff<\/strong>\u00a0:<br \/>\nVom Hafen von Ajaccio aus<br \/>\n&#8211; F\u00e4hrverbindungen ab Marseille, Nizza oder Toulon<\/p>\n","protected":false},"excerpt":{"rendered":"<p>Die residenz Acqua Linda Porticcio befindet sich am s\u00fcdlichen Ufer von Ajaccio an der Westk\u00fcste Korsikas. Porticcio ist ein Badeort mit seinem sehr gro\u00dfen Strand der Viva. Hier finden Sie den Turm von Capitello an seiner Spitze und im Sommer die M\u00f6glichkeit, Ajaccio direkt vom Strand aus zu erreichen. Porticcio ist der ideale Ausgangspunkt f\u00fcr [&hellip;]<\/p>\n","protected":false},"author":25,"featured_media":0,"parent":0,"menu_order":0,"comment_status":"closed","ping_status":"closed","template":"template-location.php","meta":{"footnotes":""},"class_list":["post-121","page","type-page","status-publish","hentry"],"yoast_head":"<!-- This site is optimized with the Yoast SEO plugin v27.3 - https:\/\/yoast.com\/product\/yoast-seo-wordpress\/ -->\n<title>Standort - R\u00e9sidence AcquacLinda Porticcio<\/title>\n<meta name=\"description\" content=\"Die residenz Acqua Linda Porticcio befindet sich am s\u00fcdlichen Ufer von Ajaccio an der Westk\u00fcste Korsikas. Porticcio ist ein Badeort mit seinem sehr gro\u00dfen\" \/>\n<meta name=\"robots\" content=\"index, follow, max-snippet:-1, max-image-preview:large, max-video-preview:-1\" \/>\n<link rel=\"canonical\" href=\"https:\/\/www.residence-acqua-linda-porticcio.com\/de\/standort\/\" \/>\n<meta property=\"og:locale\" content=\"de_DE\" \/>\n<meta property=\"og:type\" content=\"article\" \/>\n<meta property=\"og:title\" content=\"Standort - R\u00e9sidence AcquacLinda Porticcio\" \/>\n<meta property=\"og:description\" content=\"Die residenz Acqua Linda Porticcio befindet sich am s\u00fcdlichen Ufer von Ajaccio an der Westk\u00fcste Korsikas. Porticcio ist ein Badeort mit seinem sehr gro\u00dfen\" \/>\n<meta property=\"og:url\" content=\"https:\/\/www.residence-acqua-linda-porticcio.com\/de\/standort\/\" \/>\n<meta property=\"og:site_name\" content=\"R\u00e9sidence AcquacLinda Porticcio\" \/>\n<meta property=\"article:modified_time\" content=\"2024-07-09T12:31:16+00:00\" \/>\n<meta name=\"twitter:card\" content=\"summary_large_image\" \/>\n<meta name=\"twitter:label1\" content=\"Gesch\u00e4tzte Lesezeit\" \/>\n\t<meta name=\"twitter:data1\" content=\"1 Minute\" \/>\n<script type=\"application\/ld+json\" class=\"yoast-schema-graph\">{\"@context\":\"https:\\\/\\\/schema.org\",\"@graph\":[{\"@type\":\"WebPage\",\"@id\":\"https:\\\/\\\/www.residence-acqua-linda-porticcio.com\\\/de\\\/standort\\\/\",\"url\":\"https:\\\/\\\/www.residence-acqua-linda-porticcio.com\\\/de\\\/standort\\\/\",\"name\":\"Standort - R\u00e9sidence AcquacLinda Porticcio\",\"isPartOf\":{\"@id\":\"https:\\\/\\\/www.residence-acqua-linda-porticcio.com\\\/de\\\/#website\"},\"datePublished\":\"2024-05-31T17:11:47+00:00\",\"dateModified\":\"2024-07-09T12:31:16+00:00\",\"description\":\"Die residenz Acqua Linda Porticcio befindet sich am s\u00fcdlichen Ufer von Ajaccio an der Westk\u00fcste Korsikas. Porticcio ist ein Badeort mit seinem sehr gro\u00dfen\",\"breadcrumb\":{\"@id\":\"https:\\\/\\\/www.residence-acqua-linda-porticcio.com\\\/de\\\/standort\\\/#breadcrumb\"},\"inLanguage\":\"de-DE\",\"potentialAction\":[{\"@type\":\"ReadAction\",\"target\":[\"https:\\\/\\\/www.residence-acqua-linda-porticcio.com\\\/de\\\/standort\\\/\"]}]},{\"@type\":\"BreadcrumbList\",\"@id\":\"https:\\\/\\\/www.residence-acqua-linda-porticcio.com\\\/de\\\/standort\\\/#breadcrumb\",\"itemListElement\":[{\"@type\":\"ListItem\",\"position\":1,\"name\":\"Accueil\",\"item\":\"https:\\\/\\\/www.residence-acqua-linda-porticcio.com\\\/de\\\/\"},{\"@type\":\"ListItem\",\"position\":2,\"name\":\"Standort\"}]},{\"@type\":\"WebSite\",\"@id\":\"https:\\\/\\\/www.residence-acqua-linda-porticcio.com\\\/de\\\/#website\",\"url\":\"https:\\\/\\\/www.residence-acqua-linda-porticcio.com\\\/de\\\/\",\"name\":\"R\u00e9sidence AcquacLinda Porticcio\",\"description\":\"\",\"potentialAction\":[{\"@type\":\"SearchAction\",\"target\":{\"@type\":\"EntryPoint\",\"urlTemplate\":\"https:\\\/\\\/www.residence-acqua-linda-porticcio.com\\\/de\\\/?s={search_term_string}\"},\"query-input\":{\"@type\":\"PropertyValueSpecification\",\"valueRequired\":true,\"valueName\":\"search_term_string\"}}],\"inLanguage\":\"de-DE\"}]}<\/script>\n<!-- \/ Yoast SEO plugin. -->","yoast_head_json":{"title":"Standort - R\u00e9sidence AcquacLinda Porticcio","description":"Die residenz Acqua Linda Porticcio befindet sich am s\u00fcdlichen Ufer von Ajaccio an der Westk\u00fcste Korsikas. Porticcio ist ein Badeort mit seinem sehr gro\u00dfen","robots":{"index":"index","follow":"follow","max-snippet":"max-snippet:-1","max-image-preview":"max-image-preview:large","max-video-preview":"max-video-preview:-1"},"canonical":"https:\/\/www.residence-acqua-linda-porticcio.com\/de\/standort\/","og_locale":"de_DE","og_type":"article","og_title":"Standort - R\u00e9sidence AcquacLinda Porticcio","og_description":"Die residenz Acqua Linda Porticcio befindet sich am s\u00fcdlichen Ufer von Ajaccio an der Westk\u00fcste Korsikas. Porticcio ist ein Badeort mit seinem sehr gro\u00dfen","og_url":"https:\/\/www.residence-acqua-linda-porticcio.com\/de\/standort\/","og_site_name":"R\u00e9sidence AcquacLinda Porticcio","article_modified_time":"2024-07-09T12:31:16+00:00","twitter_card":"summary_large_image","twitter_misc":{"Gesch\u00e4tzte Lesezeit":"1 Minute"},"schema":{"@context":"https:\/\/schema.org","@graph":[{"@type":"WebPage","@id":"https:\/\/www.residence-acqua-linda-porticcio.com\/de\/standort\/","url":"https:\/\/www.residence-acqua-linda-porticcio.com\/de\/standort\/","name":"Standort - R\u00e9sidence AcquacLinda Porticcio","isPartOf":{"@id":"https:\/\/www.residence-acqua-linda-porticcio.com\/de\/#website"},"datePublished":"2024-05-31T17:11:47+00:00","dateModified":"2024-07-09T12:31:16+00:00","description":"Die residenz Acqua Linda Porticcio befindet sich am s\u00fcdlichen Ufer von Ajaccio an der Westk\u00fcste Korsikas. Porticcio ist ein Badeort mit seinem sehr gro\u00dfen","breadcrumb":{"@id":"https:\/\/www.residence-acqua-linda-porticcio.com\/de\/standort\/#breadcrumb"},"inLanguage":"de-DE","potentialAction":[{"@type":"ReadAction","target":["https:\/\/www.residence-acqua-linda-porticcio.com\/de\/standort\/"]}]},{"@type":"BreadcrumbList","@id":"https:\/\/www.residence-acqua-linda-porticcio.com\/de\/standort\/#breadcrumb","itemListElement":[{"@type":"ListItem","position":1,"name":"Accueil","item":"https:\/\/www.residence-acqua-linda-porticcio.com\/de\/"},{"@type":"ListItem","position":2,"name":"Standort"}]},{"@type":"WebSite","@id":"https:\/\/www.residence-acqua-linda-porticcio.com\/de\/#website","url":"https:\/\/www.residence-acqua-linda-porticcio.com\/de\/","name":"R\u00e9sidence AcquacLinda Porticcio","description":"","potentialAction":[{"@type":"SearchAction","target":{"@type":"EntryPoint","urlTemplate":"https:\/\/www.residence-acqua-linda-porticcio.com\/de\/?s={search_term_string}"},"query-input":{"@type":"PropertyValueSpecification","valueRequired":true,"valueName":"search_term_string"}}],"inLanguage":"de-DE"}]}},"acf":[],"_links":{"self":[{"href":"https:\/\/www.residence-acqua-linda-porticcio.com\/de\/wp-json\/wp\/v2\/pages\/121","targetHints":{"allow":["GET"]}}],"collection":[{"href":"https:\/\/www.residence-acqua-linda-porticcio.com\/de\/wp-json\/wp\/v2\/pages"}],"about":[{"href":"https:\/\/www.residence-acqua-linda-porticcio.com\/de\/wp-json\/wp\/v2\/types\/page"}],"author":[{"embeddable":true,"href":"https:\/\/www.residence-acqua-linda-porticcio.com\/de\/wp-json\/wp\/v2\/users\/25"}],"replies":[{"embeddable":true,"href":"https:\/\/www.residence-acqua-linda-porticcio.com\/de\/wp-json\/wp\/v2\/comments?post=121"}],"version-history":[{"count":0,"href":"https:\/\/www.residence-acqua-linda-porticcio.com\/de\/wp-json\/wp\/v2\/pages\/121\/revisions"}],"wp:attachment":[{"href":"https:\/\/www.residence-acqua-linda-porticcio.com\/de\/wp-json\/wp\/v2\/media?parent=121"}],"curies":[{"name":"wp","href":"https:\/\/api.w.org\/{rel}","templated":true}]}}