{"id":109,"date":"2024-05-31T19:54:47","date_gmt":"2024-05-31T17:54:47","guid":{"rendered":"https:\/\/residence-acqua-linda-porticcio.ms2.decms.eu\/mentions-legales\/"},"modified":"2024-07-10T16:50:49","modified_gmt":"2024-07-10T14:50:49","slug":"rechtliche-hinweise","status":"publish","type":"page","link":"https:\/\/www.residence-acqua-linda-porticcio.com\/de\/rechtliche-hinweise\/","title":{"rendered":"Rechtliche Hinweise"},"content":{"rendered":"<p><strong>Propri\u00e9t\u00e9 et responsabilit\u00e9 \u00e9ditoriale<br \/>\n<\/strong><br \/>\n<strong>SARL PASQUA IMMO<\/strong><br \/>\nT\u00e9l : 06 63 41 09 33<br \/>\nMail : scancun@hotmail.fr<br \/>\nSIRET : 803 945 930 00011<br \/>\nRCS : AJACCIO 803 945 930<br \/>\nCapital social : 5000 Euros<br \/>\nAPE : 6820A<br \/>\nN\u00b0 TVA intracommunautaire : FR 23 803 945 930<\/p>\n<p>Adresse : R\u00e9sidence de la Plage Agosta Plage Albitreccia, 20128 Albitreccia<\/p>\n<p><strong>H\u00e9bergement :<\/strong><br \/>\nWPEngine, Inc.<br \/>\nIrongate House, 22-30 Duke\u2019s Place<br \/>\nLondon, EC3A 7LP, United Kingdom<br \/>\nPhone: 08 00 50 53 049<\/p>\n<p><strong>Conception &#038; R\u00e9alisation du site :<\/strong><br \/>\n<a href=\"https:\/\/www.d-edge.com\/\" target=\"_blank\" rel=\"noopener noreferrer\">D-EDGE<\/a> &#8211; D-EDGE SAS<br \/>\n64-66 Rue des Archives &#8211; 75003 Paris \u2013 France<br \/>\n+33(0)1 44 71 04 35<\/p>\n<p>L\u2019acc\u00e8s au Site ainsi que l\u2019utilisation de son contenu s\u2019effectuent dans le cadre des mentions d\u2019utilisation<br \/>\nd\u00e9crites ci-apr\u00e8s.<br \/>\nLe fait d\u2019acc\u00e9der et de naviguer sur le Site constitue de la part de l\u2019internaute une acceptation sans<br \/>\nr\u00e9serve des pr\u00e9cisions suivantes :<\/p>\n<p>PROPRI\u00c9T\u00c9 INTELLECTUELLE<br \/>\nLe Site dans son ensemble, ainsi que chacun des \u00e9l\u00e9ments qui le composent (notamment, textes,<br \/>\nsch\u00e9mas, arborescences, logiciels, animations, images, photographies, illustrations, vid\u00e9os,<br \/>\nrepr\u00e9sentations graphiques ou \u00e9ditoriales, logos, etc.) constituent des \u0153uvres de l\u2019esprit prot\u00e9g\u00e9s par le<br \/>\nCode de la propri\u00e9t\u00e9 intellectuelle ainsi que par toute autre l\u00e9gislation internationale applicable.<br \/>\nL&#39;H\u00f4tel\u00a0est seule habilit\u00e9 (directement ou par l\u2019effet de licences ou autorisations) \u00e0 utiliser les \u00e9l\u00e9ments<br \/>\ncomposant le Site, les noms de domaine, les marques, mod\u00e8les, etc. ainsi que les images et contenus<br \/>\n\u00e9ditoriaux qui y sont reproduits.<br \/>\nL\u2019usage de tout ou partie du Site, notamment par t\u00e9l\u00e9chargement, reproduction, transmission,<br \/>\nrepr\u00e9sentation ou diffusion \u00e0 d\u2019autres fins que la consultation et l\u2019utilisation du Site \u00e0 titre personnel et<br \/>\npriv\u00e9 par l\u2019internaute dans un but non commercial est strictement interdit. La violation de ces<br \/>\ndispositions expose son auteur aux sanctions pr\u00e9vues tant par le Code de la propri\u00e9t\u00e9 intellectuelle au<\/p>\n<p>titre notamment de la contrefa\u00e7on de droits d\u2019auteur, de droit de marques que par le Code civil en<br \/>\nmati\u00e8re de responsabilit\u00e9 civile.<br \/>\nLa cr\u00e9ation de tout lien hypertexte renvoyant \u00e0 l\u2019une quelconque des pages web ou \u00e9l\u00e9ments composant<br \/>\nle Site est interdite sauf autorisation \u00e9crite et pr\u00e9alable de l&#39;h\u00f4tel, laquelle autorisation pouvant \u00eatre<br \/>\nr\u00e9voqu\u00e9e \u00e0 tout moment. Tout contenu, site internet ou autre ayant un lien hypertexte dirigeant vers le<br \/>\nSite ou vers l\u2019un quelconque des \u00e9l\u00e9ments qui le composent ne sont pas sous le contr\u00f4le de l&#39;h\u00f4tel et<br \/>\ncelle-ci d\u00e9cline par cons\u00e9quent toute responsabilit\u00e9 (notamment, \u00e9ditoriale) concernant l\u2019acc\u00e8s \u00e0 ces<br \/>\nsites et leur contenu.<\/p>\n<p>DISPONIBILIT\u00c9 DU SITE<br \/>\nL&#39;h\u00f4tel s\u2019efforce, dans la mesure du possible, de maintenir accessible de mani\u00e8re permanente le Site,<br \/>\nmais n\u2019est tenue \u00e0 aucune obligation d\u2019y parvenir. L&#39;h\u00f4tel peut donc interrompre l\u2019acc\u00e8s au Site,<br \/>\nnotamment pour des raisons de maintenance ou de mise \u00e0 jour, ou pour toutes autres raisons,<br \/>\nnotamment techniques ou \u00e9ditoriales et ce, sans pr\u00e9avis ni information pr\u00e9alable des internautes, sans<br \/>\nque l&#39;h\u00f4tel ne puisse \u00eatre tenue pour responsable des cons\u00e9quences de ces interruptions aussi bien \u00e0<br \/>\nl\u2019\u00e9gard des internautes que de tout tiers.<br \/>\nPar ailleurs, l&#39;h\u00f4tel\u00a0ne saurait \u00eatre tenue pour responsable si des internautes ne parvenaient pas \u00e0<br \/>\nacc\u00e9der \u00e0 tout ou partie du Site du fait de tout d\u00e9faut technique ou de tout probl\u00e8me notamment et non<br \/>\nlimitativement li\u00e9 \u00e0 :<br \/>\nune d\u00e9faillance et\/ou un encombrement du r\u00e9seau Internet,<br \/>\nune d\u00e9faillance des fournisseurs d\u2019acc\u00e8s Internet,<br \/>\nune erreur humaine ou d\u2019origine \u00e9lectrique,<br \/>\ntoute intervention malveillante,<br \/>\ntous dysfonctionnements de logiciel ou de mat\u00e9riel,<br \/>\nun cas de force majeure.<br \/>\n\u00a0<br \/>\nRESPONSABILIT\u00c9<br \/>\nL&#39;h\u00f4tel s\u2019efforce d\u2019assurer au mieux de ses possibilit\u00e9s l\u2019exactitude et la mise \u00e0 jour des informations<br \/>\ndiffus\u00e9es sur le Site, dont elle se r\u00e9serve le droit de modifier, \u00e0 tout moment et sans pr\u00e9avis, le contenu.<br \/>\nToutefois, l&#39;h\u00f4tel ne peut garantir l\u2019exactitude, la pr\u00e9cision et l\u2019exhaustivit\u00e9 des informations mises \u00e0<br \/>\ndisposition sur le Site, lesquelles informations ne constituent ni une garantie ni un engagement de la<br \/>\npart de l&#39;h\u00f4tel \u00e0 l\u2019\u00e9gard de l\u2019internaute. En particulier, cette derni\u00e8re ne saurait \u00eatre tenue pour<br \/>\nresponsable :<br \/>\nde toute impr\u00e9cision, inexactitude ou omission desdites informations ;<br \/>\nde tout dommage \u00e9ventuel r\u00e9sultant d\u2019une intrusion informatique d\u2019un tiers ayant entra\u00een\u00e9<br \/>\nune modification desdites informations ;<br \/>\net, plus g\u00e9n\u00e9ralement, de tous dommages, directs ou indirects, qu\u2019elles qu\u2019en soient les<br \/>\ncauses, origines, natures et cons\u00e9quences, li\u00e9es \u00e0 l\u2019acc\u00e8s (ou \u00e0 l\u2019impossibilit\u00e9 d\u2019acc\u00e9der au<\/p>\n<p>Site), au contenu, \u00e0 l\u2019utilisation du Site et\/ou au cr\u00e9dit accord\u00e9 \u00e0 une quelconque information<br \/>\nprovenant de ce dernier<\/p>\n<p>COOKIES<br \/>\nUn cookie est un fichier de donn\u00e9es plac\u00e9 sur votre ordinateur ou sur tout autre dispositif lors de son<br \/>\nutilisation pour visiter le Site. L&#39;h\u00f4tel utilise les cookies pour vous permettre de partager du contenu sur<br \/>\nles r\u00e9seaux sociaux, vous offrir des offres publicitaires conformes \u00e0 vous go\u00fbts et pour conna\u00eetre les<br \/>\npages du Site visit\u00e9es et avec quelle fr\u00e9quence, afin de le rendre plus convivial et vous proposer des<br \/>\nservices adapt\u00e9s et personnalis\u00e9s lors de votre prochaine visite du Site.<br \/>\nPour d\u00e9sactiver les cookies, nous vous invitons \u00e0 cliquer sur l&#39;onglet &quot;aide&quot; de votre navigateur ou lire les<br \/>\ninformations qui accompagnent le logiciel de votre navigateur.<br \/>\nVoici la mani\u00e8re dont vous pouvez d\u00e9sactiver les cookies :<br \/>\nPour les utilisateurs de Mozilla firefox :<br \/>\nChoisissez le menu &quot;Outil &quot; puis &quot;Options&quot;,<br \/>\nCliquez sur l&#39;ic\u00f4ne &quot;Vie Priv\u00e9e&quot;,<br \/>\nRep\u00e9rez le menu &quot;Cookie&quot; et s\u00e9lectionnez les options qui vous conviennent.<br \/>\nPour les utilisateurs de Microsoft Internet Explorer :<br \/>\nChoisissez le menu &quot;Outils&quot; (ou &quot;Tools&quot;), puis &quot;Options Internet&quot; (ou &quot;Internet Options&quot;),<br \/>\nCliquez sur l&#39;onglet &quot;Confidentialit\u00e9&quot; (ou &quot;Confidentiality&quot;),<br \/>\nS\u00e9lectionnez le niveau souhait\u00e9 \u00e0 l&#39;aide du curseur.<br \/>\nPour les utilisateurs de Google Chrome :<br \/>\nCliquez sur l&#39;ic\u00f4ne repr\u00e9sentant une cl\u00e9 \u00e0 molette situ\u00e9e dans la barre d&#39;outils du navigateur,<br \/>\nS\u00e9lectionnez \u00ab Param\u00e8tres \u00bb,<br \/>\nCliquez sur \u00ab Afficher les param\u00e8tres avanc\u00e9s \u00bb,<br \/>\nDans la section &quot;Confidentialit\u00e9&quot;, cliquez sur le bouton \u00ab Param\u00e8tres de contenu \u00bb,<br \/>\nDans la section &quot;Cookies&quot;, s\u00e9lectionnez les options qui vous conviennent.<br \/>\n<a href=\"https:\/\/residence-acqua-linda-porticcio.ms2.decms.eu\/gestion-des-cookies\/\">-> plus d&#8217;infos<\/a><br \/>\n\u00a0<br \/>\nMEDIATEUR<br \/>\nConform\u00e9ment \u00e0 l&#39;article L. 612-1 du Code de la consommation, le consommateur, sous r\u00e9serve de<br \/>\nl&#39;article L.612.2 du code de la consommation, a la facult\u00e9 d&#39;introduire une demande de r\u00e9solution amiable<br \/>\npar voie de m\u00e9diation, dans un d\u00e9lai inf\u00e9rieur \u00e0 un an \u00e0 compter de sa r\u00e9clamation \u00e9crite aupr\u00e8s du<br \/>\nprofessionnel.<\/p>\n<p>DROIT DE RETRACTATION (Article L221-28)<\/p>\n<p>En application de l\u2019article L.121-21-8 du Code de la consommation, les prestations propos\u00e9es sur le site<br \/>\nne permettent pas l\u2019exercice du droit de r\u00e9tractation pr\u00e9vu aux articles L.121-21 et suivants du Code de<br \/>\nla consommation en mati\u00e8re de contrats de vente \u00e0 distance.<\/p>\n","protected":false},"excerpt":{"rendered":"<p>Propri\u00e9t\u00e9 et responsabilit\u00e9 \u00e9ditoriale SARL PASQUA IMMO T\u00e9l : 06 63 41 09 33 Mail : scancun@hotmail.fr SIRET : 803 945 930 00011 RCS : AJACCIO 803 945 930 Capital social : 5000 Euros APE : 6820A N\u00b0 TVA intracommunautaire : FR 23 803 945 930 Adresse : R\u00e9sidence de la Plage Agosta Plage Albitreccia, [&hellip;]<\/p>\n","protected":false},"author":25,"featured_media":0,"parent":0,"menu_order":0,"comment_status":"closed","ping_status":"closed","template":"","meta":{"footnotes":""},"class_list":["post-109","page","type-page","status-publish","hentry"],"yoast_head":"<!-- This site is optimized with the Yoast SEO plugin v27.3 - https:\/\/yoast.com\/product\/yoast-seo-wordpress\/ -->\n<title>Rechtliche Hinweise - R\u00e9sidence AcquacLinda Porticcio<\/title>\n<meta name=\"description\" content=\"Propri\u00e9t\u00e9 et responsabilit\u00e9 \u00e9ditoriale SARL PASQUA IMMO T\u00e9l : 06 63 41 09 33 Mail : scancun@hotmail.fr SIRET : 803 945 930 00011 RCS : AJACCIO 803 945 930\" \/>\n<meta name=\"robots\" content=\"index, follow, max-snippet:-1, max-image-preview:large, max-video-preview:-1\" \/>\n<link rel=\"canonical\" href=\"https:\/\/www.residence-acqua-linda-porticcio.com\/de\/rechtliche-hinweise\/\" \/>\n<meta property=\"og:locale\" content=\"de_DE\" \/>\n<meta property=\"og:type\" content=\"article\" \/>\n<meta property=\"og:title\" content=\"Rechtliche Hinweise - R\u00e9sidence AcquacLinda Porticcio\" \/>\n<meta property=\"og:description\" content=\"Propri\u00e9t\u00e9 et responsabilit\u00e9 \u00e9ditoriale SARL PASQUA IMMO T\u00e9l : 06 63 41 09 33 Mail : scancun@hotmail.fr SIRET : 803 945 930 00011 RCS : AJACCIO 803 945 930\" \/>\n<meta property=\"og:url\" content=\"https:\/\/www.residence-acqua-linda-porticcio.com\/de\/rechtliche-hinweise\/\" \/>\n<meta property=\"og:site_name\" content=\"R\u00e9sidence AcquacLinda Porticcio\" \/>\n<meta property=\"article:modified_time\" content=\"2024-07-10T14:50:49+00:00\" \/>\n<meta name=\"twitter:card\" content=\"summary_large_image\" \/>\n<meta name=\"twitter:label1\" content=\"Gesch\u00e4tzte Lesezeit\" \/>\n\t<meta name=\"twitter:data1\" content=\"6 Minuten\" \/>\n<script type=\"application\/ld+json\" class=\"yoast-schema-graph\">{\"@context\":\"https:\\\/\\\/schema.org\",\"@graph\":[{\"@type\":\"WebPage\",\"@id\":\"https:\\\/\\\/www.residence-acqua-linda-porticcio.com\\\/de\\\/rechtliche-hinweise\\\/\",\"url\":\"https:\\\/\\\/www.residence-acqua-linda-porticcio.com\\\/de\\\/rechtliche-hinweise\\\/\",\"name\":\"Rechtliche Hinweise - R\u00e9sidence AcquacLinda Porticcio\",\"isPartOf\":{\"@id\":\"https:\\\/\\\/www.residence-acqua-linda-porticcio.com\\\/de\\\/#website\"},\"datePublished\":\"2024-05-31T17:54:47+00:00\",\"dateModified\":\"2024-07-10T14:50:49+00:00\",\"description\":\"Propri\u00e9t\u00e9 et responsabilit\u00e9 \u00e9ditoriale SARL PASQUA IMMO T\u00e9l : 06 63 41 09 33 Mail : scancun@hotmail.fr SIRET : 803 945 930 00011 RCS : AJACCIO 803 945 930\",\"breadcrumb\":{\"@id\":\"https:\\\/\\\/www.residence-acqua-linda-porticcio.com\\\/de\\\/rechtliche-hinweise\\\/#breadcrumb\"},\"inLanguage\":\"de-DE\",\"potentialAction\":[{\"@type\":\"ReadAction\",\"target\":[\"https:\\\/\\\/www.residence-acqua-linda-porticcio.com\\\/de\\\/rechtliche-hinweise\\\/\"]}]},{\"@type\":\"BreadcrumbList\",\"@id\":\"https:\\\/\\\/www.residence-acqua-linda-porticcio.com\\\/de\\\/rechtliche-hinweise\\\/#breadcrumb\",\"itemListElement\":[{\"@type\":\"ListItem\",\"position\":1,\"name\":\"Accueil\",\"item\":\"https:\\\/\\\/www.residence-acqua-linda-porticcio.com\\\/de\\\/\"},{\"@type\":\"ListItem\",\"position\":2,\"name\":\"Rechtliche Hinweise\"}]},{\"@type\":\"WebSite\",\"@id\":\"https:\\\/\\\/www.residence-acqua-linda-porticcio.com\\\/de\\\/#website\",\"url\":\"https:\\\/\\\/www.residence-acqua-linda-porticcio.com\\\/de\\\/\",\"name\":\"R\u00e9sidence AcquacLinda Porticcio\",\"description\":\"\",\"potentialAction\":[{\"@type\":\"SearchAction\",\"target\":{\"@type\":\"EntryPoint\",\"urlTemplate\":\"https:\\\/\\\/www.residence-acqua-linda-porticcio.com\\\/de\\\/?s={search_term_string}\"},\"query-input\":{\"@type\":\"PropertyValueSpecification\",\"valueRequired\":true,\"valueName\":\"search_term_string\"}}],\"inLanguage\":\"de-DE\"}]}<\/script>\n<!-- \/ Yoast SEO plugin. -->","yoast_head_json":{"title":"Rechtliche Hinweise - R\u00e9sidence AcquacLinda Porticcio","description":"Propri\u00e9t\u00e9 et responsabilit\u00e9 \u00e9ditoriale SARL PASQUA IMMO T\u00e9l : 06 63 41 09 33 Mail : scancun@hotmail.fr SIRET : 803 945 930 00011 RCS : AJACCIO 803 945 930","robots":{"index":"index","follow":"follow","max-snippet":"max-snippet:-1","max-image-preview":"max-image-preview:large","max-video-preview":"max-video-preview:-1"},"canonical":"https:\/\/www.residence-acqua-linda-porticcio.com\/de\/rechtliche-hinweise\/","og_locale":"de_DE","og_type":"article","og_title":"Rechtliche Hinweise - R\u00e9sidence AcquacLinda Porticcio","og_description":"Propri\u00e9t\u00e9 et responsabilit\u00e9 \u00e9ditoriale SARL PASQUA IMMO T\u00e9l : 06 63 41 09 33 Mail : scancun@hotmail.fr SIRET : 803 945 930 00011 RCS : AJACCIO 803 945 930","og_url":"https:\/\/www.residence-acqua-linda-porticcio.com\/de\/rechtliche-hinweise\/","og_site_name":"R\u00e9sidence AcquacLinda Porticcio","article_modified_time":"2024-07-10T14:50:49+00:00","twitter_card":"summary_large_image","twitter_misc":{"Gesch\u00e4tzte Lesezeit":"6 Minuten"},"schema":{"@context":"https:\/\/schema.org","@graph":[{"@type":"WebPage","@id":"https:\/\/www.residence-acqua-linda-porticcio.com\/de\/rechtliche-hinweise\/","url":"https:\/\/www.residence-acqua-linda-porticcio.com\/de\/rechtliche-hinweise\/","name":"Rechtliche Hinweise - R\u00e9sidence AcquacLinda Porticcio","isPartOf":{"@id":"https:\/\/www.residence-acqua-linda-porticcio.com\/de\/#website"},"datePublished":"2024-05-31T17:54:47+00:00","dateModified":"2024-07-10T14:50:49+00:00","description":"Propri\u00e9t\u00e9 et responsabilit\u00e9 \u00e9ditoriale SARL PASQUA IMMO T\u00e9l : 06 63 41 09 33 Mail : scancun@hotmail.fr SIRET : 803 945 930 00011 RCS : AJACCIO 803 945 930","breadcrumb":{"@id":"https:\/\/www.residence-acqua-linda-porticcio.com\/de\/rechtliche-hinweise\/#breadcrumb"},"inLanguage":"de-DE","potentialAction":[{"@type":"ReadAction","target":["https:\/\/www.residence-acqua-linda-porticcio.com\/de\/rechtliche-hinweise\/"]}]},{"@type":"BreadcrumbList","@id":"https:\/\/www.residence-acqua-linda-porticcio.com\/de\/rechtliche-hinweise\/#breadcrumb","itemListElement":[{"@type":"ListItem","position":1,"name":"Accueil","item":"https:\/\/www.residence-acqua-linda-porticcio.com\/de\/"},{"@type":"ListItem","position":2,"name":"Rechtliche Hinweise"}]},{"@type":"WebSite","@id":"https:\/\/www.residence-acqua-linda-porticcio.com\/de\/#website","url":"https:\/\/www.residence-acqua-linda-porticcio.com\/de\/","name":"R\u00e9sidence AcquacLinda Porticcio","description":"","potentialAction":[{"@type":"SearchAction","target":{"@type":"EntryPoint","urlTemplate":"https:\/\/www.residence-acqua-linda-porticcio.com\/de\/?s={search_term_string}"},"query-input":{"@type":"PropertyValueSpecification","valueRequired":true,"valueName":"search_term_string"}}],"inLanguage":"de-DE"}]}},"acf":[],"_links":{"self":[{"href":"https:\/\/www.residence-acqua-linda-porticcio.com\/de\/wp-json\/wp\/v2\/pages\/109","targetHints":{"allow":["GET"]}}],"collection":[{"href":"https:\/\/www.residence-acqua-linda-porticcio.com\/de\/wp-json\/wp\/v2\/pages"}],"about":[{"href":"https:\/\/www.residence-acqua-linda-porticcio.com\/de\/wp-json\/wp\/v2\/types\/page"}],"author":[{"embeddable":true,"href":"https:\/\/www.residence-acqua-linda-porticcio.com\/de\/wp-json\/wp\/v2\/users\/25"}],"replies":[{"embeddable":true,"href":"https:\/\/www.residence-acqua-linda-porticcio.com\/de\/wp-json\/wp\/v2\/comments?post=109"}],"version-history":[{"count":0,"href":"https:\/\/www.residence-acqua-linda-porticcio.com\/de\/wp-json\/wp\/v2\/pages\/109\/revisions"}],"wp:attachment":[{"href":"https:\/\/www.residence-acqua-linda-porticcio.com\/de\/wp-json\/wp\/v2\/media?parent=109"}],"curies":[{"name":"wp","href":"https:\/\/api.w.org\/{rel}","templated":true}]}}