{"id":101,"date":"2024-05-30T19:46:33","date_gmt":"2024-05-30T17:46:33","guid":{"rendered":"https:\/\/residence-acqua-linda-porticcio.ms2.decms.eu\/page-d-exemple\/"},"modified":"2024-09-22T16:00:32","modified_gmt":"2024-09-22T14:00:32","slug":"page-d-exemple","status":"publish","type":"page","link":"https:\/\/www.residence-acqua-linda-porticcio.com\/de\/","title":{"rendered":"Bienvenue \u00e0 la R\u00e9sidence Acqua Linda"},"content":{"rendered":"<p>Die Residence Acqua Linda befindet sich in Porticcio, im Herzen der sch\u00f6nsten Str\u00e4nde am S\u00fcdufer des Golfs von Ajaccio. Unser Haus genie\u00dft eine ideale Lage, ruhig, 300 m vom Strand von Agosta entfernt. Sonne, Strand und Meer so weit das Auge reicht&#8230; Am S\u00fcdufer ist alles f\u00fcr Erholung und Entspannung geeignet, sei es f\u00fcr eine Genusspause mit Freunden oder der Familie auf einer sch\u00f6nen Sonnenterrasse, einem B\u00e4renjungen am Strand, einem Konzertabend oder einer Konferenz. hat 14 Wohnungen von 43 bis 50 m\u00b2 und ein Studio von 25 m\u00b2.<br \/>\nDie Wohnungen haben Garten-, Pool- oder Meerblick. Alle Apartments verf\u00fcgen \u00fcber ein separates Schlafzimmer, einen Wohnbereich, eine voll ausgestattete K\u00fcche und ein eigenes Bad mit einer Dusche und kostenfreien Pflegeprodukten. Auch eine Terrasse ist vorhanden.<br \/>\nFreuen Sie sich auf kostenfreies WLAN und kostenfreie Privatparkpl\u00e4tze. Die Residence Acqua Linda Porticcio liegt 300 m vom Strand Agosta und 3 km vom Strand Isolella entfernt.<br \/>\nDer n\u00e4chste Flughafen ist der 13 km von der Unterkunft entfernte Flughafen Ajaccio-Napoleon-Bonaparte.<\/p>\n<p>W\u00e4hrend Ihrer Mietzeit in Porticcio k\u00f6nnen Sie auch das Schwimmbad genie\u00dfen, das um 29 \u00ba geheizt ist (ge\u00f6ffnet vom 1. April bis Anfang November) unserer Residenz, die ausschlie\u00dflich unseren Kunden vorbehalten ist. Die Gelegenheit, die Sonne Korsikas zu genie\u00dfen und sich zwischen zwei Aktivit\u00e4ten auf der Insel zu sonnen!<br \/>\nUnsere Familienresidenz mit 15 Apartments empf\u00e4ngt Sie in voll ausgestatteten Apartments. Vom Studio f\u00fcr zwei Personen bis zum gro\u00dfen Apartment Typ 2 f\u00fcr vier Personen bietet Ihnen unsere Residenz Flexibilit\u00e4t bei Ihrem Aufenthalt am S\u00fcdufer von Ajaccio. W\u00e4hlen Sie ohne Anreise- oder Wochentag Ihren Aufenthalt \u00e0 la carte aus. Seien Sie bei uns und genie\u00dfen Sie den Service.<\/p>\n<p>&nbsp;<\/p>\n<p>Eine Kaution in H\u00f6he von 190 Euro wird bei der Ankunft verlangt (bar zahlbar), diese wird bei Ihrer Abreise zur\u00fcckgegeben, wenn die Anweisungen bez\u00fcglich der Reinigung eingehalten werden.<\/p>\n","protected":false},"excerpt":{"rendered":"<p>Die Residence Acqua Linda befindet sich in Porticcio, im Herzen der sch\u00f6nsten Str\u00e4nde am S\u00fcdufer des Golfs von Ajaccio. Unser Haus genie\u00dft eine ideale Lage, ruhig, 300 m vom Strand von Agosta entfernt. Sonne, Strand und Meer so weit das Auge reicht&#8230; Am S\u00fcdufer ist alles f\u00fcr Erholung und Entspannung geeignet, sei es f\u00fcr eine [&hellip;]<\/p>\n","protected":false},"author":25,"featured_media":0,"parent":0,"menu_order":0,"comment_status":"closed","ping_status":"closed","template":"","meta":{"footnotes":""},"class_list":["post-101","page","type-page","status-publish","hentry"],"yoast_head":"<!-- This site is optimized with the Yoast SEO plugin v27.3 - https:\/\/yoast.com\/product\/yoast-seo-wordpress\/ -->\n<title>Bienvenue \u00e0 la R\u00e9sidence Acqua Linda - R\u00e9sidence AcquacLinda Porticcio<\/title>\n<meta name=\"description\" content=\"Die Residence Acqua Linda befindet sich in Porticcio, im Herzen der sch\u00f6nsten Str\u00e4nde am S\u00fcdufer des Golfs von Ajaccio. Unser Haus genie\u00dft eine ideale\" \/>\n<meta name=\"robots\" content=\"index, follow, max-snippet:-1, max-image-preview:large, max-video-preview:-1\" \/>\n<link rel=\"canonical\" href=\"https:\/\/www.residence-acqua-linda-porticcio.com\/de\/\" \/>\n<meta property=\"og:locale\" content=\"de_DE\" \/>\n<meta property=\"og:type\" content=\"article\" \/>\n<meta property=\"og:title\" content=\"Bienvenue \u00e0 la R\u00e9sidence Acqua Linda - R\u00e9sidence AcquacLinda Porticcio\" \/>\n<meta property=\"og:description\" content=\"Die Residence Acqua Linda befindet sich in Porticcio, im Herzen der sch\u00f6nsten Str\u00e4nde am S\u00fcdufer des Golfs von Ajaccio. Unser Haus genie\u00dft eine ideale\" \/>\n<meta property=\"og:url\" content=\"https:\/\/www.residence-acqua-linda-porticcio.com\/de\/\" \/>\n<meta property=\"og:site_name\" content=\"R\u00e9sidence AcquacLinda Porticcio\" \/>\n<meta property=\"article:modified_time\" content=\"2024-09-22T14:00:32+00:00\" \/>\n<meta name=\"twitter:card\" content=\"summary_large_image\" \/>\n<meta name=\"twitter:label1\" content=\"Gesch\u00e4tzte Lesezeit\" \/>\n\t<meta name=\"twitter:data1\" content=\"2 Minuten\" \/>\n<script type=\"application\/ld+json\" class=\"yoast-schema-graph\">{\"@context\":\"https:\\\/\\\/schema.org\",\"@graph\":[{\"@type\":\"WebPage\",\"@id\":\"https:\\\/\\\/www.residence-acqua-linda-porticcio.com\\\/de\\\/\",\"url\":\"https:\\\/\\\/www.residence-acqua-linda-porticcio.com\\\/de\\\/\",\"name\":\"Bienvenue \u00e0 la R\u00e9sidence Acqua Linda - R\u00e9sidence AcquacLinda Porticcio\",\"isPartOf\":{\"@id\":\"https:\\\/\\\/www.residence-acqua-linda-porticcio.com\\\/de\\\/#website\"},\"datePublished\":\"2024-05-30T17:46:33+00:00\",\"dateModified\":\"2024-09-22T14:00:32+00:00\",\"description\":\"Die Residence Acqua Linda befindet sich in Porticcio, im Herzen der sch\u00f6nsten Str\u00e4nde am S\u00fcdufer des Golfs von Ajaccio. Unser Haus genie\u00dft eine ideale\",\"breadcrumb\":{\"@id\":\"https:\\\/\\\/www.residence-acqua-linda-porticcio.com\\\/de\\\/#breadcrumb\"},\"inLanguage\":\"de-DE\",\"potentialAction\":[{\"@type\":\"ReadAction\",\"target\":[\"https:\\\/\\\/www.residence-acqua-linda-porticcio.com\\\/de\\\/\"]}]},{\"@type\":\"BreadcrumbList\",\"@id\":\"https:\\\/\\\/www.residence-acqua-linda-porticcio.com\\\/de\\\/#breadcrumb\",\"itemListElement\":[{\"@type\":\"ListItem\",\"position\":1,\"name\":\"Accueil\",\"item\":\"https:\\\/\\\/www.residence-acqua-linda-porticcio.com\\\/de\\\/\"},{\"@type\":\"ListItem\",\"position\":2,\"name\":\"Bienvenue \u00e0 la R\u00e9sidence Acqua Linda\"}]},{\"@type\":\"WebSite\",\"@id\":\"https:\\\/\\\/www.residence-acqua-linda-porticcio.com\\\/de\\\/#website\",\"url\":\"https:\\\/\\\/www.residence-acqua-linda-porticcio.com\\\/de\\\/\",\"name\":\"R\u00e9sidence AcquacLinda Porticcio\",\"description\":\"\",\"potentialAction\":[{\"@type\":\"SearchAction\",\"target\":{\"@type\":\"EntryPoint\",\"urlTemplate\":\"https:\\\/\\\/www.residence-acqua-linda-porticcio.com\\\/de\\\/?s={search_term_string}\"},\"query-input\":{\"@type\":\"PropertyValueSpecification\",\"valueRequired\":true,\"valueName\":\"search_term_string\"}}],\"inLanguage\":\"de-DE\"}]}<\/script>\n<!-- \/ Yoast SEO plugin. -->","yoast_head_json":{"title":"Bienvenue \u00e0 la R\u00e9sidence Acqua Linda - R\u00e9sidence AcquacLinda Porticcio","description":"Die Residence Acqua Linda befindet sich in Porticcio, im Herzen der sch\u00f6nsten Str\u00e4nde am S\u00fcdufer des Golfs von Ajaccio. Unser Haus genie\u00dft eine ideale","robots":{"index":"index","follow":"follow","max-snippet":"max-snippet:-1","max-image-preview":"max-image-preview:large","max-video-preview":"max-video-preview:-1"},"canonical":"https:\/\/www.residence-acqua-linda-porticcio.com\/de\/","og_locale":"de_DE","og_type":"article","og_title":"Bienvenue \u00e0 la R\u00e9sidence Acqua Linda - R\u00e9sidence AcquacLinda Porticcio","og_description":"Die Residence Acqua Linda befindet sich in Porticcio, im Herzen der sch\u00f6nsten Str\u00e4nde am S\u00fcdufer des Golfs von Ajaccio. Unser Haus genie\u00dft eine ideale","og_url":"https:\/\/www.residence-acqua-linda-porticcio.com\/de\/","og_site_name":"R\u00e9sidence AcquacLinda Porticcio","article_modified_time":"2024-09-22T14:00:32+00:00","twitter_card":"summary_large_image","twitter_misc":{"Gesch\u00e4tzte Lesezeit":"2 Minuten"},"schema":{"@context":"https:\/\/schema.org","@graph":[{"@type":"WebPage","@id":"https:\/\/www.residence-acqua-linda-porticcio.com\/de\/","url":"https:\/\/www.residence-acqua-linda-porticcio.com\/de\/","name":"Bienvenue \u00e0 la R\u00e9sidence Acqua Linda - R\u00e9sidence AcquacLinda Porticcio","isPartOf":{"@id":"https:\/\/www.residence-acqua-linda-porticcio.com\/de\/#website"},"datePublished":"2024-05-30T17:46:33+00:00","dateModified":"2024-09-22T14:00:32+00:00","description":"Die Residence Acqua Linda befindet sich in Porticcio, im Herzen der sch\u00f6nsten Str\u00e4nde am S\u00fcdufer des Golfs von Ajaccio. Unser Haus genie\u00dft eine ideale","breadcrumb":{"@id":"https:\/\/www.residence-acqua-linda-porticcio.com\/de\/#breadcrumb"},"inLanguage":"de-DE","potentialAction":[{"@type":"ReadAction","target":["https:\/\/www.residence-acqua-linda-porticcio.com\/de\/"]}]},{"@type":"BreadcrumbList","@id":"https:\/\/www.residence-acqua-linda-porticcio.com\/de\/#breadcrumb","itemListElement":[{"@type":"ListItem","position":1,"name":"Accueil","item":"https:\/\/www.residence-acqua-linda-porticcio.com\/de\/"},{"@type":"ListItem","position":2,"name":"Bienvenue \u00e0 la R\u00e9sidence Acqua Linda"}]},{"@type":"WebSite","@id":"https:\/\/www.residence-acqua-linda-porticcio.com\/de\/#website","url":"https:\/\/www.residence-acqua-linda-porticcio.com\/de\/","name":"R\u00e9sidence AcquacLinda Porticcio","description":"","potentialAction":[{"@type":"SearchAction","target":{"@type":"EntryPoint","urlTemplate":"https:\/\/www.residence-acqua-linda-porticcio.com\/de\/?s={search_term_string}"},"query-input":{"@type":"PropertyValueSpecification","valueRequired":true,"valueName":"search_term_string"}}],"inLanguage":"de-DE"}]}},"acf":[],"_links":{"self":[{"href":"https:\/\/www.residence-acqua-linda-porticcio.com\/de\/wp-json\/wp\/v2\/pages\/101","targetHints":{"allow":["GET"]}}],"collection":[{"href":"https:\/\/www.residence-acqua-linda-porticcio.com\/de\/wp-json\/wp\/v2\/pages"}],"about":[{"href":"https:\/\/www.residence-acqua-linda-porticcio.com\/de\/wp-json\/wp\/v2\/types\/page"}],"author":[{"embeddable":true,"href":"https:\/\/www.residence-acqua-linda-porticcio.com\/de\/wp-json\/wp\/v2\/users\/25"}],"replies":[{"embeddable":true,"href":"https:\/\/www.residence-acqua-linda-porticcio.com\/de\/wp-json\/wp\/v2\/comments?post=101"}],"version-history":[{"count":0,"href":"https:\/\/www.residence-acqua-linda-porticcio.com\/de\/wp-json\/wp\/v2\/pages\/101\/revisions"}],"wp:attachment":[{"href":"https:\/\/www.residence-acqua-linda-porticcio.com\/de\/wp-json\/wp\/v2\/media?parent=101"}],"curies":[{"name":"wp","href":"https:\/\/api.w.org\/{rel}","templated":true}]}}